{"id":7173,"date":"2026-02-17T13:20:01","date_gmt":"2026-02-17T13:20:01","guid":{"rendered":"https:\/\/avangartclinic.com\/ueber-uns\/"},"modified":"2026-05-06T07:36:20","modified_gmt":"2026-05-06T07:36:20","slug":"ueber-uns","status":"publish","type":"page","link":"https:\/\/avangartclinic.com\/de\/ueber-uns\/","title":{"rendered":"\u00dcber uns"},"content":{"rendered":"\t\t<div data-elementor-type=\"wp-page\" data-elementor-id=\"7173\" class=\"elementor elementor-7173 elementor-488\" data-elementor-post-type=\"page\">\n\t\t\t\t<div class=\"elementor-element elementor-element-113a6f9 e-flex e-con-boxed e-con e-parent\" data-id=\"113a6f9\" data-element_type=\"container\" data-e-type=\"container\" data-settings=\"{&quot;background_background&quot;:&quot;classic&quot;,&quot;shape_divider_bottom&quot;:&quot;opacity-tilt&quot;}\">\n\t\t\t\t\t<div class=\"e-con-inner\">\n\t\t\t\t<div class=\"elementor-shape elementor-shape-bottom\" aria-hidden=\"true\" data-negative=\"false\">\n\t\t\t<svg xmlns=\"http:\/\/www.w3.org\/2000\/svg\" viewBox=\"0 0 2600 131.1\" preserveAspectRatio=\"none\">\n\t<path class=\"elementor-shape-fill\" d=\"M0 0L2600 0 2600 69.1 0 0z\"\/>\n\t<path class=\"elementor-shape-fill\" style=\"opacity:0.5\" d=\"M0 0L2600 0 2600 69.1 0 69.1z\"\/>\n\t<path class=\"elementor-shape-fill\" style=\"opacity:0.25\" d=\"M2600 0L0 0 0 130.1 2600 69.1z\"\/>\n<\/svg>\t\t<\/div>\n\t\t<div class=\"elementor-element elementor-element-7978de6 e-con-full e-flex e-con e-child\" data-id=\"7978de6\" data-element_type=\"container\" data-e-type=\"container\">\n\t\t\t\t<div class=\"elementor-element elementor-element-ef92090 elementor-widget elementor-widget-heading\" data-id=\"ef92090\" data-element_type=\"widget\" data-e-type=\"widget\" data-widget_type=\"heading.default\">\n\t\t\t\t\t<h1 class=\"elementor-heading-title elementor-size-default\">\u00dcber uns\n<\/h1>\t\t\t\t<\/div>\n\t\t\t\t<div class=\"elementor-element elementor-element-124de90 elementor-widget-divider--view-line elementor-widget elementor-widget-divider\" data-id=\"124de90\" data-element_type=\"widget\" data-e-type=\"widget\" data-widget_type=\"divider.default\">\n\t\t\t\t\t\t\t<div class=\"elementor-divider\">\n\t\t\t<span class=\"elementor-divider-separator\">\n\t\t\t\t\t\t<\/span>\n\t\t<\/div>\n\t\t\t\t\t\t<\/div>\n\t\t\t\t<div class=\"elementor-element elementor-element-5f47614 elementor-widget__width-initial elementor-widget-mobile__width-inherit elementor-widget elementor-widget-text-editor\" data-id=\"5f47614\" data-element_type=\"widget\" data-e-type=\"widget\" data-widget_type=\"text-editor.default\">\n\t\t\t\t\t\t\t\t\t<p><strong>Als Avangart Klinik bieten wir Ihnen den besten zahn\u00e4rztlichen Behandlungsservice mit dem Vertrauen auf 20 Jahre Erfahrung. Sie k\u00f6nnen uns f\u00fcr eine kostenlose Beratung \u00fcber Zahnimplantate, L\u00e4chel\u00e4sthetik und alle Zahnbehandlungen kontaktieren. <\/strong><\/p>\t\t\t\t\t\t\t\t<\/div>\n\t\t\t\t<\/div>\n\t\t\t\t\t<\/div>\n\t\t\t\t<\/div>\n\t\t<div class=\"elementor-element elementor-element-dab5fab e-flex e-con-boxed e-con e-parent\" data-id=\"dab5fab\" data-element_type=\"container\" data-e-type=\"container\" data-settings=\"{&quot;background_background&quot;:&quot;classic&quot;}\">\n\t\t\t\t\t<div class=\"e-con-inner\">\n\t\t<div class=\"elementor-element elementor-element-2c54c61 e-con-full e-flex e-con e-child\" data-id=\"2c54c61\" data-element_type=\"container\" data-e-type=\"container\">\n\t\t<div class=\"elementor-element elementor-element-04d877e e-con-full e-flex e-con e-child\" data-id=\"04d877e\" data-element_type=\"container\" data-e-type=\"container\">\n\t\t<div class=\"elementor-element elementor-element-0f2eefa e-con-full e-flex e-con e-child\" data-id=\"0f2eefa\" data-element_type=\"container\" data-e-type=\"container\">\n\t\t\t\t<div class=\"elementor-element elementor-element-8a957a0 elementor-widget elementor-widget-image\" data-id=\"8a957a0\" data-element_type=\"widget\" data-e-type=\"widget\" data-widget_type=\"image.default\">\n\t\t\t\t\t\t\t\t\t\t\t\t\t\t\t<img decoding=\"async\" loading=\"lazy\" width=\"768\" height=\"864\" src=\"https:\/\/avangartclinic.com\/wp-content\/uploads\/2025\/02\/about-1-768x864.webp\" class=\"attachment-medium_large size-medium_large wp-image-2913\" alt=\"\" srcset=\"https:\/\/avangartclinic.com\/wp-content\/uploads\/2025\/02\/about-1-768x864.webp 768w, https:\/\/avangartclinic.com\/wp-content\/uploads\/2025\/02\/about-1-267x300.webp 267w, https:\/\/avangartclinic.com\/wp-content\/uploads\/2025\/02\/about-1.webp 800w\" sizes=\"auto, (max-width: 768px) 100vw, 768px\" \/>\t\t\t\t\t\t\t\t\t\t\t\t\t\t\t<\/div>\n\t\t\t\t<\/div>\n\t\t\t\t<\/div>\n\t\t<div class=\"elementor-element elementor-element-efb573a e-con-full e-flex e-con e-child\" data-id=\"efb573a\" data-element_type=\"container\" data-e-type=\"container\">\n\t\t\t\t<div class=\"elementor-element elementor-element-ead8000 elementor-widget elementor-widget-heading\" data-id=\"ead8000\" data-element_type=\"widget\" data-e-type=\"widget\" data-widget_type=\"heading.default\">\n\t\t\t\t\t<h2 class=\"elementor-heading-title elementor-size-default\">Avangart Klinik\n<\/h2>\t\t\t\t<\/div>\n\t\t\t\t<div class=\"elementor-element elementor-element-69953f0 elementor-widget elementor-widget-text-editor\" data-id=\"69953f0\" data-element_type=\"widget\" data-e-type=\"widget\" data-widget_type=\"text-editor.default\">\n\t\t\t\t\t\t\t\t\t<p>Mehr als 74 Tausend G\u00e4ste aus 46 verschiedenen L\u00e4ndern haben ihr traumhaftes L\u00e4cheln und gesunde Z\u00e4hne erhalten.<br>Denn wir wissen, dass ein L\u00e4cheln einen Menschen ver\u00e4ndern kann, ein Mensch kann die Welt ver\u00e4ndern.<\/p>\t\t\t\t\t\t\t\t<\/div>\n\t\t\t\t<div class=\"elementor-element elementor-element-30af85a elementor-widget elementor-widget-heading\" data-id=\"30af85a\" data-element_type=\"widget\" data-e-type=\"widget\" data-widget_type=\"heading.default\">\n\t\t\t\t\t<h2 class=\"elementor-heading-title elementor-size-default\">Unser Auftrag\n\n<\/h2>\t\t\t\t<\/div>\n\t\t\t\t<div class=\"elementor-element elementor-element-6f6ee6b elementor-widget elementor-widget-text-editor\" data-id=\"6f6ee6b\" data-element_type=\"widget\" data-e-type=\"widget\" data-widget_type=\"text-editor.default\">\n\t\t\t\t\t\t\t\t\t<p><strong><a href=\"https:\/\/avangartclinic.com\/de\/\">Avangart<\/a><\/strong> Die Poliklinik f\u00fcr Mund- und Zahnheilkunde befindet sich in Mecidiyek\u00f6y, Istanbul.<br \/>R\u00f6ntgenaufnahmen von Patienten werden mit dem Panoramager\u00e4t in seiner Struktur durchgef\u00fchrt.<\/p><p>Die Poliklinik f\u00fcr Mund- und Zahnheilkunde Avangart ist berechtigt, im internationalen Gesundheitstourismus t\u00e4tig zu werden, da sie die Kompetenzkriterien des Gesundheitsministeriums f\u00fcr den internationalen Gesundheitstourismus und die allgemeinen Grunds\u00e4tze der Verordnung erf\u00fcllt.<br \/>Die Behandlungen werden unter pandemischen Bedingungen durchgef\u00fchrt.<br \/>Die Hygienevorschriften werden in hohem Ma\u00dfe beachtet.<\/p>\t\t\t\t\t\t\t\t<\/div>\n\t\t\t\t<\/div>\n\t\t\t\t<\/div>\n\t\t\t\t\t<\/div>\n\t\t\t\t<\/div>\n\t\t<div class=\"elementor-element elementor-element-45c0d8c e-con-full e-flex e-con e-parent\" data-id=\"45c0d8c\" data-element_type=\"container\" data-e-type=\"container\" data-settings=\"{&quot;background_background&quot;:&quot;classic&quot;}\">\n\t\t\t\t<div class=\"elementor-element elementor-element-729a99d elementor-widget elementor-widget-heading\" data-id=\"729a99d\" data-element_type=\"widget\" data-e-type=\"widget\" data-widget_type=\"heading.default\">\n\t\t\t\t\t<h2 class=\"elementor-heading-title elementor-size-default\">Unsere Klinik\n<\/h2>\t\t\t\t<\/div>\n\t\t<div class=\"elementor-element elementor-element-6646917 e-con-full e-flex e-con e-child\" data-id=\"6646917\" data-element_type=\"container\" data-e-type=\"container\">\n\t\t\t\t<div class=\"elementor-element elementor-element-c0f0dc1 elementor-widget elementor-widget-image-carousel\" data-id=\"c0f0dc1\" data-element_type=\"widget\" data-e-type=\"widget\" data-settings=\"{&quot;navigation&quot;:&quot;none&quot;,&quot;image_spacing_custom&quot;:{&quot;unit&quot;:&quot;px&quot;,&quot;size&quot;:18,&quot;sizes&quot;:[]},&quot;slides_to_show&quot;:&quot;3&quot;,&quot;slides_to_scroll&quot;:&quot;1&quot;,&quot;autoplay_speed&quot;:4000,&quot;lazyload&quot;:&quot;yes&quot;,&quot;autoplay&quot;:&quot;yes&quot;,&quot;pause_on_hover&quot;:&quot;yes&quot;,&quot;pause_on_interaction&quot;:&quot;yes&quot;,&quot;infinite&quot;:&quot;yes&quot;,&quot;speed&quot;:500,&quot;image_spacing_custom_laptop&quot;:{&quot;unit&quot;:&quot;px&quot;,&quot;size&quot;:&quot;&quot;,&quot;sizes&quot;:[]},&quot;image_spacing_custom_tablet&quot;:{&quot;unit&quot;:&quot;px&quot;,&quot;size&quot;:&quot;&quot;,&quot;sizes&quot;:[]},&quot;image_spacing_custom_mobile&quot;:{&quot;unit&quot;:&quot;px&quot;,&quot;size&quot;:&quot;&quot;,&quot;sizes&quot;:[]}}\" data-widget_type=\"image-carousel.default\">\n\t\t\t\t\t\t\t<div class=\"elementor-image-carousel-wrapper swiper\" role=\"region\" aria-roledescription=\"carousel\" aria-label=\"Image Carousel\" dir=\"ltr\">\n\t\t\t<div class=\"elementor-image-carousel swiper-wrapper\" aria-live=\"off\">\n\t\t\t\t\t\t\t\t<div class=\"swiper-slide\" role=\"group\" aria-roledescription=\"slide\" aria-label=\"1 von 7\"><figure class=\"swiper-slide-inner\"><img class=\"swiper-slide-image swiper-lazy\" data-src=\"https:\/\/avangartclinic.com\/wp-content\/uploads\/2025\/02\/galeri5.webp\" alt=\"galeri5\" \/><div class=\"swiper-lazy-preloader\"><\/div><\/figure><\/div><div class=\"swiper-slide\" role=\"group\" aria-roledescription=\"slide\" aria-label=\"2 von 7\"><figure class=\"swiper-slide-inner\"><img class=\"swiper-slide-image swiper-lazy\" data-src=\"https:\/\/avangartclinic.com\/wp-content\/uploads\/2025\/02\/galeri4.webp\" alt=\"galeri4\" \/><div class=\"swiper-lazy-preloader\"><\/div><\/figure><\/div><div class=\"swiper-slide\" role=\"group\" aria-roledescription=\"slide\" aria-label=\"3 von 7\"><figure class=\"swiper-slide-inner\"><img class=\"swiper-slide-image swiper-lazy\" data-src=\"https:\/\/avangartclinic.com\/wp-content\/uploads\/2025\/02\/galeri3.webp\" alt=\"galeri3\" \/><div class=\"swiper-lazy-preloader\"><\/div><\/figure><\/div><div class=\"swiper-slide\" role=\"group\" aria-roledescription=\"slide\" aria-label=\"4 von 7\"><figure class=\"swiper-slide-inner\"><img class=\"swiper-slide-image swiper-lazy\" data-src=\"https:\/\/avangartclinic.com\/wp-content\/uploads\/2025\/02\/galeri1.webp\" alt=\"galeri1\" \/><div class=\"swiper-lazy-preloader\"><\/div><\/figure><\/div><div class=\"swiper-slide\" role=\"group\" aria-roledescription=\"slide\" aria-label=\"5 von 7\"><figure class=\"swiper-slide-inner\"><img class=\"swiper-slide-image swiper-lazy\" data-src=\"https:\/\/avangartclinic.com\/wp-content\/uploads\/2025\/02\/agaleri1.webp\" alt=\"agaleri1\" \/><div class=\"swiper-lazy-preloader\"><\/div><\/figure><\/div><div class=\"swiper-slide\" role=\"group\" aria-roledescription=\"slide\" aria-label=\"6 von 7\"><figure class=\"swiper-slide-inner\"><img class=\"swiper-slide-image swiper-lazy\" data-src=\"https:\/\/avangartclinic.com\/wp-content\/uploads\/2025\/02\/agaleri2.webp\" alt=\"agaleri2\" \/><div class=\"swiper-lazy-preloader\"><\/div><\/figure><\/div><div class=\"swiper-slide\" role=\"group\" aria-roledescription=\"slide\" aria-label=\"7 von 7\"><figure class=\"swiper-slide-inner\"><img class=\"swiper-slide-image swiper-lazy\" data-src=\"https:\/\/avangartclinic.com\/wp-content\/uploads\/2025\/02\/galeri6.webp\" alt=\"galeri6\" \/><div class=\"swiper-lazy-preloader\"><\/div><\/figure><\/div>\t\t\t<\/div>\n\t\t\t\t\t\t\t\n\t\t\t\t\t\t\t\t\t<\/div>\n\t\t\t\t\t\t<\/div>\n\t\t\t\t<\/div>\n\t\t\t\t<\/div>\n\t\t\t\t<\/div>\n\t\t","protected":false},"excerpt":{"rendered":"<p>\u00dcber uns Als Avangart Klinik bieten wir Ihnen den besten zahn\u00e4rztlichen Behandlungsservice mit dem Vertrauen auf 20 Jahre Erfahrung. Sie k\u00f6nnen uns f\u00fcr eine kostenlose Beratung \u00fcber Zahnimplantate, L\u00e4chel\u00e4sthetik und alle Zahnbehandlungen kontaktieren. Avangart Klinik Mehr als 74 Tausend G\u00e4ste aus 46 verschiedenen L\u00e4ndern haben ihr traumhaftes L\u00e4cheln und gesunde Z\u00e4hne erhalten.Denn wir wissen, dass [&hellip;]<\/p>\n","protected":false},"author":1,"featured_media":0,"parent":0,"menu_order":0,"comment_status":"closed","ping_status":"closed","template":"","meta":{"footnotes":""},"class_list":["post-7173","page","type-page","status-publish","hentry"],"yoast_head":"<!-- This site is optimized with the Yoast SEO plugin v27.6 - https:\/\/yoast.com\/product\/yoast-seo-wordpress\/ -->\n<title>\u00dcber uns - Avangart Clinic<\/title>\n<meta name=\"robots\" content=\"index, follow, max-snippet:-1, max-image-preview:large, max-video-preview:-1\" \/>\n<link rel=\"canonical\" href=\"https:\/\/avangartclinic.com\/de\/ueber-uns\/\" \/>\n<meta property=\"og:locale\" content=\"de_DE\" \/>\n<meta property=\"og:type\" content=\"article\" \/>\n<meta property=\"og:title\" content=\"\u00dcber uns - Avangart Clinic\" \/>\n<meta property=\"og:description\" content=\"\u00dcber uns Als Avangart Klinik bieten wir Ihnen den besten zahn\u00e4rztlichen Behandlungsservice mit dem Vertrauen auf 20 Jahre Erfahrung. Sie k\u00f6nnen uns f\u00fcr eine kostenlose Beratung \u00fcber Zahnimplantate, L\u00e4chel\u00e4sthetik und alle Zahnbehandlungen kontaktieren. Avangart Klinik Mehr als 74 Tausend G\u00e4ste aus 46 verschiedenen L\u00e4ndern haben ihr traumhaftes L\u00e4cheln und gesunde Z\u00e4hne erhalten.Denn wir wissen, dass [&hellip;]\" \/>\n<meta property=\"og:url\" content=\"https:\/\/avangartclinic.com\/de\/ueber-uns\/\" \/>\n<meta property=\"og:site_name\" content=\"Avangart Clinic\" \/>\n<meta property=\"article:publisher\" content=\"https:\/\/www.facebook.com\/AvangartClinic\/\" \/>\n<meta property=\"article:modified_time\" content=\"2026-05-06T07:36:20+00:00\" \/>\n<meta property=\"og:image\" content=\"https:\/\/avangartclinic.com\/wp-content\/uploads\/2025\/02\/about-1-768x864.webp\" \/>\n<meta name=\"twitter:card\" content=\"summary_large_image\" \/>\n<meta name=\"twitter:label1\" content=\"Gesch\u00e4tzte Lesezeit\" \/>\n\t<meta name=\"twitter:data1\" content=\"4\u00a0Minuten\" \/>\n<script type=\"application\/ld+json\" class=\"yoast-schema-graph\">{\"@context\":\"https:\\\/\\\/schema.org\",\"@graph\":[{\"@type\":\"WebPage\",\"@id\":\"https:\\\/\\\/avangartclinic.com\\\/de\\\/ueber-uns\\\/\",\"url\":\"https:\\\/\\\/avangartclinic.com\\\/de\\\/ueber-uns\\\/\",\"name\":\"\u00dcber uns - Avangart Clinic\",\"isPartOf\":{\"@id\":\"https:\\\/\\\/avangartclinic.com\\\/de\\\/#website\"},\"primaryImageOfPage\":{\"@id\":\"https:\\\/\\\/avangartclinic.com\\\/de\\\/ueber-uns\\\/#primaryimage\"},\"image\":{\"@id\":\"https:\\\/\\\/avangartclinic.com\\\/de\\\/ueber-uns\\\/#primaryimage\"},\"thumbnailUrl\":\"https:\\\/\\\/avangartclinic.com\\\/wp-content\\\/uploads\\\/2025\\\/02\\\/about-1-768x864.webp\",\"datePublished\":\"2026-02-17T13:20:01+00:00\",\"dateModified\":\"2026-05-06T07:36:20+00:00\",\"breadcrumb\":{\"@id\":\"https:\\\/\\\/avangartclinic.com\\\/de\\\/ueber-uns\\\/#breadcrumb\"},\"inLanguage\":\"de\",\"potentialAction\":[{\"@type\":\"ReadAction\",\"target\":[\"https:\\\/\\\/avangartclinic.com\\\/de\\\/ueber-uns\\\/\"]}]},{\"@type\":\"ImageObject\",\"inLanguage\":\"de\",\"@id\":\"https:\\\/\\\/avangartclinic.com\\\/de\\\/ueber-uns\\\/#primaryimage\",\"url\":\"https:\\\/\\\/avangartclinic.com\\\/wp-content\\\/uploads\\\/2025\\\/02\\\/about-1-768x864.webp\",\"contentUrl\":\"https:\\\/\\\/avangartclinic.com\\\/wp-content\\\/uploads\\\/2025\\\/02\\\/about-1-768x864.webp\"},{\"@type\":\"BreadcrumbList\",\"@id\":\"https:\\\/\\\/avangartclinic.com\\\/de\\\/ueber-uns\\\/#breadcrumb\",\"itemListElement\":[{\"@type\":\"ListItem\",\"position\":1,\"name\":\"Home\",\"item\":\"https:\\\/\\\/avangartclinic.com\\\/de\\\/\"},{\"@type\":\"ListItem\",\"position\":2,\"name\":\"\u00dcber uns\"}]},{\"@type\":\"WebSite\",\"@id\":\"https:\\\/\\\/avangartclinic.com\\\/de\\\/#website\",\"url\":\"https:\\\/\\\/avangartclinic.com\\\/de\\\/\",\"name\":\"Avangart Clinic\",\"description\":\"Dental Clinic Turkey\",\"publisher\":{\"@id\":\"https:\\\/\\\/avangartclinic.com\\\/de\\\/#organization\"},\"potentialAction\":[{\"@type\":\"SearchAction\",\"target\":{\"@type\":\"EntryPoint\",\"urlTemplate\":\"https:\\\/\\\/avangartclinic.com\\\/de\\\/?s={search_term_string}\"},\"query-input\":{\"@type\":\"PropertyValueSpecification\",\"valueRequired\":true,\"valueName\":\"search_term_string\"}}],\"inLanguage\":\"de\"},{\"@type\":\"Organization\",\"@id\":\"https:\\\/\\\/avangartclinic.com\\\/de\\\/#organization\",\"name\":\"Avangart Clinic\",\"url\":\"https:\\\/\\\/avangartclinic.com\\\/de\\\/\",\"logo\":{\"@type\":\"ImageObject\",\"inLanguage\":\"de\",\"@id\":\"https:\\\/\\\/avangartclinic.com\\\/de\\\/#\\\/schema\\\/logo\\\/image\\\/\",\"url\":\"https:\\\/\\\/avangartclinic.com\\\/wp-content\\\/uploads\\\/2025\\\/02\\\/photo.png\",\"contentUrl\":\"https:\\\/\\\/avangartclinic.com\\\/wp-content\\\/uploads\\\/2025\\\/02\\\/photo.png\",\"width\":160,\"height\":160,\"caption\":\"Avangart Clinic\"},\"image\":{\"@id\":\"https:\\\/\\\/avangartclinic.com\\\/de\\\/#\\\/schema\\\/logo\\\/image\\\/\"},\"sameAs\":[\"https:\\\/\\\/www.facebook.com\\\/AvangartClinic\\\/\",\"https:\\\/\\\/www.youtube.com\\\/channel\\\/UCn3LkercWc7jeMKnB68EOUQ\",\"https:\\\/\\\/www.instagram.com\\\/avangartclinic\\\/\"]}]}<\/script>\n<!-- \/ Yoast SEO plugin. -->","yoast_head_json":{"title":"\u00dcber uns - Avangart Clinic","robots":{"index":"index","follow":"follow","max-snippet":"max-snippet:-1","max-image-preview":"max-image-preview:large","max-video-preview":"max-video-preview:-1"},"canonical":"https:\/\/avangartclinic.com\/de\/ueber-uns\/","og_locale":"de_DE","og_type":"article","og_title":"\u00dcber uns - Avangart Clinic","og_description":"\u00dcber uns Als Avangart Klinik bieten wir Ihnen den besten zahn\u00e4rztlichen Behandlungsservice mit dem Vertrauen auf 20 Jahre Erfahrung. Sie k\u00f6nnen uns f\u00fcr eine kostenlose Beratung \u00fcber Zahnimplantate, L\u00e4chel\u00e4sthetik und alle Zahnbehandlungen kontaktieren. Avangart Klinik Mehr als 74 Tausend G\u00e4ste aus 46 verschiedenen L\u00e4ndern haben ihr traumhaftes L\u00e4cheln und gesunde Z\u00e4hne erhalten.Denn wir wissen, dass [&hellip;]","og_url":"https:\/\/avangartclinic.com\/de\/ueber-uns\/","og_site_name":"Avangart Clinic","article_publisher":"https:\/\/www.facebook.com\/AvangartClinic\/","article_modified_time":"2026-05-06T07:36:20+00:00","og_image":[{"url":"https:\/\/avangartclinic.com\/wp-content\/uploads\/2025\/02\/about-1-768x864.webp","type":"","width":"","height":""}],"twitter_card":"summary_large_image","twitter_misc":{"Gesch\u00e4tzte Lesezeit":"4\u00a0Minuten"},"schema":{"@context":"https:\/\/schema.org","@graph":[{"@type":"WebPage","@id":"https:\/\/avangartclinic.com\/de\/ueber-uns\/","url":"https:\/\/avangartclinic.com\/de\/ueber-uns\/","name":"\u00dcber uns - Avangart Clinic","isPartOf":{"@id":"https:\/\/avangartclinic.com\/de\/#website"},"primaryImageOfPage":{"@id":"https:\/\/avangartclinic.com\/de\/ueber-uns\/#primaryimage"},"image":{"@id":"https:\/\/avangartclinic.com\/de\/ueber-uns\/#primaryimage"},"thumbnailUrl":"https:\/\/avangartclinic.com\/wp-content\/uploads\/2025\/02\/about-1-768x864.webp","datePublished":"2026-02-17T13:20:01+00:00","dateModified":"2026-05-06T07:36:20+00:00","breadcrumb":{"@id":"https:\/\/avangartclinic.com\/de\/ueber-uns\/#breadcrumb"},"inLanguage":"de","potentialAction":[{"@type":"ReadAction","target":["https:\/\/avangartclinic.com\/de\/ueber-uns\/"]}]},{"@type":"ImageObject","inLanguage":"de","@id":"https:\/\/avangartclinic.com\/de\/ueber-uns\/#primaryimage","url":"https:\/\/avangartclinic.com\/wp-content\/uploads\/2025\/02\/about-1-768x864.webp","contentUrl":"https:\/\/avangartclinic.com\/wp-content\/uploads\/2025\/02\/about-1-768x864.webp"},{"@type":"BreadcrumbList","@id":"https:\/\/avangartclinic.com\/de\/ueber-uns\/#breadcrumb","itemListElement":[{"@type":"ListItem","position":1,"name":"Home","item":"https:\/\/avangartclinic.com\/de\/"},{"@type":"ListItem","position":2,"name":"\u00dcber uns"}]},{"@type":"WebSite","@id":"https:\/\/avangartclinic.com\/de\/#website","url":"https:\/\/avangartclinic.com\/de\/","name":"Avangart Clinic","description":"Dental Clinic Turkey","publisher":{"@id":"https:\/\/avangartclinic.com\/de\/#organization"},"potentialAction":[{"@type":"SearchAction","target":{"@type":"EntryPoint","urlTemplate":"https:\/\/avangartclinic.com\/de\/?s={search_term_string}"},"query-input":{"@type":"PropertyValueSpecification","valueRequired":true,"valueName":"search_term_string"}}],"inLanguage":"de"},{"@type":"Organization","@id":"https:\/\/avangartclinic.com\/de\/#organization","name":"Avangart Clinic","url":"https:\/\/avangartclinic.com\/de\/","logo":{"@type":"ImageObject","inLanguage":"de","@id":"https:\/\/avangartclinic.com\/de\/#\/schema\/logo\/image\/","url":"https:\/\/avangartclinic.com\/wp-content\/uploads\/2025\/02\/photo.png","contentUrl":"https:\/\/avangartclinic.com\/wp-content\/uploads\/2025\/02\/photo.png","width":160,"height":160,"caption":"Avangart Clinic"},"image":{"@id":"https:\/\/avangartclinic.com\/de\/#\/schema\/logo\/image\/"},"sameAs":["https:\/\/www.facebook.com\/AvangartClinic\/","https:\/\/www.youtube.com\/channel\/UCn3LkercWc7jeMKnB68EOUQ","https:\/\/www.instagram.com\/avangartclinic\/"]}]}},"_links":{"self":[{"href":"https:\/\/avangartclinic.com\/de\/wp-json\/wp\/v2\/pages\/7173","targetHints":{"allow":["GET"]}}],"collection":[{"href":"https:\/\/avangartclinic.com\/de\/wp-json\/wp\/v2\/pages"}],"about":[{"href":"https:\/\/avangartclinic.com\/de\/wp-json\/wp\/v2\/types\/page"}],"author":[{"embeddable":true,"href":"https:\/\/avangartclinic.com\/de\/wp-json\/wp\/v2\/users\/1"}],"replies":[{"embeddable":true,"href":"https:\/\/avangartclinic.com\/de\/wp-json\/wp\/v2\/comments?post=7173"}],"version-history":[{"count":0,"href":"https:\/\/avangartclinic.com\/de\/wp-json\/wp\/v2\/pages\/7173\/revisions"}],"wp:attachment":[{"href":"https:\/\/avangartclinic.com\/de\/wp-json\/wp\/v2\/media?parent=7173"}],"curies":[{"name":"wp","href":"https:\/\/api.w.org\/{rel}","templated":true}]}}