{"id":7170,"date":"2025-02-28T13:09:27","date_gmt":"2025-02-28T13:09:27","guid":{"rendered":"https:\/\/avangartclinic.com\/nos-medecins\/"},"modified":"2025-12-08T13:04:36","modified_gmt":"2025-12-08T13:04:36","slug":"nos-medecins","status":"publish","type":"page","link":"https:\/\/avangartclinic.com\/fr\/nos-medecins\/","title":{"rendered":"Nos m\u00e9decins"},"content":{"rendered":"\t\t<div data-elementor-type=\"wp-page\" data-elementor-id=\"7170\" class=\"elementor elementor-7170 elementor-330\" data-elementor-post-type=\"page\">\n\t\t\t\t<div class=\"elementor-element elementor-element-94a16e4 e-flex e-con-boxed e-con e-parent\" data-id=\"94a16e4\" data-element_type=\"container\" data-e-type=\"container\" data-settings=\"{&quot;background_background&quot;:&quot;classic&quot;,&quot;shape_divider_bottom&quot;:&quot;opacity-tilt&quot;}\">\n\t\t\t\t\t<div class=\"e-con-inner\">\n\t\t\t\t<div class=\"elementor-shape elementor-shape-bottom\" aria-hidden=\"true\" data-negative=\"false\">\n\t\t\t<svg xmlns=\"http:\/\/www.w3.org\/2000\/svg\" viewBox=\"0 0 2600 131.1\" preserveAspectRatio=\"none\">\n\t<path class=\"elementor-shape-fill\" d=\"M0 0L2600 0 2600 69.1 0 0z\"\/>\n\t<path class=\"elementor-shape-fill\" style=\"opacity:0.5\" d=\"M0 0L2600 0 2600 69.1 0 69.1z\"\/>\n\t<path class=\"elementor-shape-fill\" style=\"opacity:0.25\" d=\"M2600 0L0 0 0 130.1 2600 69.1z\"\/>\n<\/svg>\t\t<\/div>\n\t\t<div class=\"elementor-element elementor-element-a557898 e-con-full e-flex e-con e-child\" data-id=\"a557898\" data-element_type=\"container\" data-e-type=\"container\">\n\t\t\t\t<div class=\"elementor-element elementor-element-706c47b elementor-widget elementor-widget-heading\" data-id=\"706c47b\" data-element_type=\"widget\" data-e-type=\"widget\" data-widget_type=\"heading.default\">\n\t\t\t\t\t<h1 class=\"elementor-heading-title elementor-size-default\">Nos m\u00e9decins<\/h1>\t\t\t\t<\/div>\n\t\t\t\t<div class=\"elementor-element elementor-element-c05ae2b elementor-widget-divider--view-line elementor-widget elementor-widget-divider\" data-id=\"c05ae2b\" data-element_type=\"widget\" data-e-type=\"widget\" data-widget_type=\"divider.default\">\n\t\t\t\t\t\t\t<div class=\"elementor-divider\">\n\t\t\t<span class=\"elementor-divider-separator\">\n\t\t\t\t\t\t<\/span>\n\t\t<\/div>\n\t\t\t\t\t\t<\/div>\n\t\t\t\t<div class=\"elementor-element elementor-element-cce0192 elementor-widget__width-initial elementor-widget-mobile__width-inherit elementor-widget elementor-widget-text-editor\" data-id=\"cce0192\" data-element_type=\"widget\" data-e-type=\"widget\" data-widget_type=\"text-editor.default\">\n\t\t\t\t\t\t\t\t\t<p>Nous sommes heureux de vous servir en tant que clinique Avangart avec notre \u00e9quipe de dentistes experts et exp\u00e9riment\u00e9s et plus de 25 ans d&rsquo;exp\u00e9rience.<\/p>\t\t\t\t\t\t\t\t<\/div>\n\t\t\t\t<\/div>\n\t\t\t\t\t<\/div>\n\t\t\t\t<\/div>\n\t\t<div class=\"elementor-element elementor-element-8ea42a0 e-flex e-con-boxed e-con e-parent\" data-id=\"8ea42a0\" data-element_type=\"container\" data-e-type=\"container\" data-settings=\"{&quot;background_background&quot;:&quot;classic&quot;}\">\n\t\t\t\t\t<div class=\"e-con-inner\">\n\t\t<div class=\"elementor-element elementor-element-37aaa0e e-con-full e-flex e-con e-child\" data-id=\"37aaa0e\" data-element_type=\"container\" data-e-type=\"container\">\n\t\t<div class=\"elementor-element elementor-element-b605a49 e-con-full e-flex e-con e-child\" data-id=\"b605a49\" data-element_type=\"container\" data-e-type=\"container\">\n\t\t\t\t<div class=\"elementor-element elementor-element-4d9e206 ekit-equal-height-disable elementor-widget elementor-widget-elementskit-image-box\" data-id=\"4d9e206\" data-element_type=\"widget\" data-e-type=\"widget\" data-widget_type=\"elementskit-image-box.default\">\n\t\t\t\t\t<div class=\"ekit-wid-con\" >\n            <div class=\"elementskit-info-image-box ekit-image-box text-center hover_from_center hover-border-bottom\" >\n\n                <a href=\"https:\/\/avangartclinic.com\/dr-emrah-yesilyurt\/\">\n                <div class=\"elementskit-box-header image-box-img-center\">\n\n                    <img loading=\"lazy\" decoding=\"async\" width=\"500\" height=\"500\" src=\"https:\/\/avangartclinic.com\/wp-content\/uploads\/2025\/02\/dr-emrah-yesilyurt-p1.webp\" class=\"attachment-full size-full wp-image-358\" alt=\"\" srcset=\"https:\/\/avangartclinic.com\/wp-content\/uploads\/2025\/02\/dr-emrah-yesilyurt-p1.webp 500w, https:\/\/avangartclinic.com\/wp-content\/uploads\/2025\/02\/dr-emrah-yesilyurt-p1-300x300.webp 300w, https:\/\/avangartclinic.com\/wp-content\/uploads\/2025\/02\/dr-emrah-yesilyurt-p1-150x150.webp 150w\" sizes=\"auto, (max-width: 500px) 100vw, 500px\" \/>\n                <\/div>\n                <\/a>\n                <div class=\"elementskit-box-body ekit-image-box-body\">\n                    <div class=\"elementskit-box-content ekit-image-box-body-inner\">\n                                                <h3 class=\"elementskit-info-box-title\">\n\n                        Dr. Emrah YE\u015e\u0130LYURT\n                        \n                    <\/h3>\n                                                            <div class=\"elementskit-box-style-content\">\n                        Directeur m\u00e9dical                    <\/div>\n                                    <\/div>\n\n                            <\/div>\n            <\/div>\n    <\/div>\t\t\t\t<\/div>\n\t\t\t\t<\/div>\n\t\t<div class=\"elementor-element elementor-element-802f504 e-con-full e-flex e-con e-child\" data-id=\"802f504\" data-element_type=\"container\" data-e-type=\"container\">\n\t\t\t\t<div class=\"elementor-element elementor-element-6befd00 ekit-equal-height-disable elementor-widget elementor-widget-elementskit-image-box\" data-id=\"6befd00\" data-element_type=\"widget\" data-e-type=\"widget\" data-widget_type=\"elementskit-image-box.default\">\n\t\t\t\t\t<div class=\"ekit-wid-con\" >\n            <div class=\"elementskit-info-image-box ekit-image-box text-center hover_from_center hover-border-bottom\" >\n\n                \n                <div class=\"elementskit-box-header image-box-img-center\">\n\n                    <img loading=\"lazy\" decoding=\"async\" width=\"500\" height=\"500\" src=\"https:\/\/avangartclinic.com\/wp-content\/uploads\/2025\/02\/dr-berat-can-1.webp\" class=\"attachment-full size-full wp-image-365\" alt=\"\" srcset=\"https:\/\/avangartclinic.com\/wp-content\/uploads\/2025\/02\/dr-berat-can-1.webp 500w, https:\/\/avangartclinic.com\/wp-content\/uploads\/2025\/02\/dr-berat-can-1-300x300.webp 300w, https:\/\/avangartclinic.com\/wp-content\/uploads\/2025\/02\/dr-berat-can-1-150x150.webp 150w\" sizes=\"auto, (max-width: 500px) 100vw, 500px\" \/>\n                <\/div>\n                \n                <div class=\"elementskit-box-body ekit-image-box-body\">\n                    <div class=\"elementskit-box-content ekit-image-box-body-inner\">\n                                                <h3 class=\"elementskit-info-box-title\">\n\n                        Dr. Berat Can PALAZO\u011eLU\n                        \n                    <\/h3>\n                                                            <div class=\"elementskit-box-style-content\">\n                        Dentiste                    <\/div>\n                                    <\/div>\n\n                            <\/div>\n            <\/div>\n    <\/div>\t\t\t\t<\/div>\n\t\t\t\t<\/div>\n\t\t\t\t<\/div>\n\t\t\t\t\t<\/div>\n\t\t\t\t<\/div>\n\t\t\t\t<\/div>\n\t\t","protected":false},"excerpt":{"rendered":"<p>Nos m\u00e9decins Nous sommes heureux de vous servir en tant que clinique Avangart avec notre \u00e9quipe de dentistes experts et exp\u00e9riment\u00e9s et plus de 25 ans d&rsquo;exp\u00e9rience. Dr. Emrah YE\u015e\u0130LYURT Directeur m\u00e9dical Dr. Berat Can PALAZO\u011eLU Dentiste<\/p>\n","protected":false},"author":1,"featured_media":0,"parent":0,"menu_order":0,"comment_status":"closed","ping_status":"closed","template":"","meta":{"footnotes":""},"class_list":["post-7170","page","type-page","status-publish","hentry"],"yoast_head":"<!-- This site is optimized with the Yoast SEO plugin v27.6 - https:\/\/yoast.com\/product\/yoast-seo-wordpress\/ -->\n<title>Nos m\u00e9decins - Avangart Clinic<\/title>\n<meta name=\"robots\" content=\"index, follow, max-snippet:-1, max-image-preview:large, max-video-preview:-1\" \/>\n<link rel=\"canonical\" href=\"https:\/\/avangartclinic.com\/fr\/nos-medecins\/\" \/>\n<meta property=\"og:locale\" content=\"fr_FR\" \/>\n<meta property=\"og:type\" content=\"article\" \/>\n<meta property=\"og:title\" content=\"Nos m\u00e9decins - Avangart Clinic\" \/>\n<meta property=\"og:description\" content=\"Nos m\u00e9decins Nous sommes heureux de vous servir en tant que clinique Avangart avec notre \u00e9quipe de dentistes experts et exp\u00e9riment\u00e9s et plus de 25 ans d&rsquo;exp\u00e9rience. Dr. Emrah YE\u015e\u0130LYURT Directeur m\u00e9dical Dr. Berat Can PALAZO\u011eLU Dentiste\" \/>\n<meta property=\"og:url\" content=\"https:\/\/avangartclinic.com\/fr\/nos-medecins\/\" \/>\n<meta property=\"og:site_name\" content=\"Avangart Clinic\" \/>\n<meta property=\"article:publisher\" content=\"https:\/\/www.facebook.com\/AvangartClinic\/\" \/>\n<meta property=\"article:modified_time\" content=\"2025-12-08T13:04:36+00:00\" \/>\n<meta property=\"og:image\" content=\"https:\/\/avangartclinic.com\/wp-content\/uploads\/2025\/02\/dr-emrah-yesilyurt-p1.webp\" \/>\n\t<meta property=\"og:image:width\" content=\"500\" \/>\n\t<meta property=\"og:image:height\" content=\"500\" \/>\n\t<meta property=\"og:image:type\" content=\"image\/webp\" \/>\n<meta name=\"twitter:card\" content=\"summary_large_image\" \/>\n<meta name=\"twitter:label1\" content=\"Dur\u00e9e de lecture estim\u00e9e\" \/>\n\t<meta name=\"twitter:data1\" content=\"1 minute\" \/>\n<script type=\"application\/ld+json\" class=\"yoast-schema-graph\">{\"@context\":\"https:\\\/\\\/schema.org\",\"@graph\":[{\"@type\":\"WebPage\",\"@id\":\"https:\\\/\\\/avangartclinic.com\\\/fr\\\/nos-medecins\\\/\",\"url\":\"https:\\\/\\\/avangartclinic.com\\\/fr\\\/nos-medecins\\\/\",\"name\":\"Nos m\u00e9decins - Avangart Clinic\",\"isPartOf\":{\"@id\":\"https:\\\/\\\/avangartclinic.com\\\/fr\\\/#website\"},\"primaryImageOfPage\":{\"@id\":\"https:\\\/\\\/avangartclinic.com\\\/fr\\\/nos-medecins\\\/#primaryimage\"},\"image\":{\"@id\":\"https:\\\/\\\/avangartclinic.com\\\/fr\\\/nos-medecins\\\/#primaryimage\"},\"thumbnailUrl\":\"https:\\\/\\\/avangartclinic.com\\\/wp-content\\\/uploads\\\/2025\\\/02\\\/dr-emrah-yesilyurt-p1.webp\",\"datePublished\":\"2025-02-28T13:09:27+00:00\",\"dateModified\":\"2025-12-08T13:04:36+00:00\",\"breadcrumb\":{\"@id\":\"https:\\\/\\\/avangartclinic.com\\\/fr\\\/nos-medecins\\\/#breadcrumb\"},\"inLanguage\":\"fr-FR\",\"potentialAction\":[{\"@type\":\"ReadAction\",\"target\":[\"https:\\\/\\\/avangartclinic.com\\\/fr\\\/nos-medecins\\\/\"]}]},{\"@type\":\"ImageObject\",\"inLanguage\":\"fr-FR\",\"@id\":\"https:\\\/\\\/avangartclinic.com\\\/fr\\\/nos-medecins\\\/#primaryimage\",\"url\":\"https:\\\/\\\/avangartclinic.com\\\/wp-content\\\/uploads\\\/2025\\\/02\\\/dr-emrah-yesilyurt-p1.webp\",\"contentUrl\":\"https:\\\/\\\/avangartclinic.com\\\/wp-content\\\/uploads\\\/2025\\\/02\\\/dr-emrah-yesilyurt-p1.webp\"},{\"@type\":\"BreadcrumbList\",\"@id\":\"https:\\\/\\\/avangartclinic.com\\\/fr\\\/nos-medecins\\\/#breadcrumb\",\"itemListElement\":[{\"@type\":\"ListItem\",\"position\":1,\"name\":\"Home\",\"item\":\"https:\\\/\\\/avangartclinic.com\\\/fr\\\/\"},{\"@type\":\"ListItem\",\"position\":2,\"name\":\"Nos m\u00e9decins\"}]},{\"@type\":\"WebSite\",\"@id\":\"https:\\\/\\\/avangartclinic.com\\\/fr\\\/#website\",\"url\":\"https:\\\/\\\/avangartclinic.com\\\/fr\\\/\",\"name\":\"Avangart Clinic\",\"description\":\"Dental Clinic Turkey\",\"publisher\":{\"@id\":\"https:\\\/\\\/avangartclinic.com\\\/fr\\\/#organization\"},\"potentialAction\":[{\"@type\":\"SearchAction\",\"target\":{\"@type\":\"EntryPoint\",\"urlTemplate\":\"https:\\\/\\\/avangartclinic.com\\\/fr\\\/?s={search_term_string}\"},\"query-input\":{\"@type\":\"PropertyValueSpecification\",\"valueRequired\":true,\"valueName\":\"search_term_string\"}}],\"inLanguage\":\"fr-FR\"},{\"@type\":\"Organization\",\"@id\":\"https:\\\/\\\/avangartclinic.com\\\/fr\\\/#organization\",\"name\":\"Avangart Clinic\",\"url\":\"https:\\\/\\\/avangartclinic.com\\\/fr\\\/\",\"logo\":{\"@type\":\"ImageObject\",\"inLanguage\":\"fr-FR\",\"@id\":\"https:\\\/\\\/avangartclinic.com\\\/fr\\\/#\\\/schema\\\/logo\\\/image\\\/\",\"url\":\"https:\\\/\\\/avangartclinic.com\\\/wp-content\\\/uploads\\\/2025\\\/02\\\/photo.png\",\"contentUrl\":\"https:\\\/\\\/avangartclinic.com\\\/wp-content\\\/uploads\\\/2025\\\/02\\\/photo.png\",\"width\":160,\"height\":160,\"caption\":\"Avangart Clinic\"},\"image\":{\"@id\":\"https:\\\/\\\/avangartclinic.com\\\/fr\\\/#\\\/schema\\\/logo\\\/image\\\/\"},\"sameAs\":[\"https:\\\/\\\/www.facebook.com\\\/AvangartClinic\\\/\",\"https:\\\/\\\/www.youtube.com\\\/channel\\\/UCn3LkercWc7jeMKnB68EOUQ\",\"https:\\\/\\\/www.instagram.com\\\/avangartclinic\\\/\"]}]}<\/script>\n<!-- \/ Yoast SEO plugin. -->","yoast_head_json":{"title":"Nos m\u00e9decins - Avangart Clinic","robots":{"index":"index","follow":"follow","max-snippet":"max-snippet:-1","max-image-preview":"max-image-preview:large","max-video-preview":"max-video-preview:-1"},"canonical":"https:\/\/avangartclinic.com\/fr\/nos-medecins\/","og_locale":"fr_FR","og_type":"article","og_title":"Nos m\u00e9decins - Avangart Clinic","og_description":"Nos m\u00e9decins Nous sommes heureux de vous servir en tant que clinique Avangart avec notre \u00e9quipe de dentistes experts et exp\u00e9riment\u00e9s et plus de 25 ans d&rsquo;exp\u00e9rience. Dr. Emrah YE\u015e\u0130LYURT Directeur m\u00e9dical Dr. Berat Can PALAZO\u011eLU Dentiste","og_url":"https:\/\/avangartclinic.com\/fr\/nos-medecins\/","og_site_name":"Avangart Clinic","article_publisher":"https:\/\/www.facebook.com\/AvangartClinic\/","article_modified_time":"2025-12-08T13:04:36+00:00","og_image":[{"width":500,"height":500,"url":"https:\/\/avangartclinic.com\/wp-content\/uploads\/2025\/02\/dr-emrah-yesilyurt-p1.webp","type":"image\/webp"}],"twitter_card":"summary_large_image","twitter_misc":{"Dur\u00e9e de lecture estim\u00e9e":"1 minute"},"schema":{"@context":"https:\/\/schema.org","@graph":[{"@type":"WebPage","@id":"https:\/\/avangartclinic.com\/fr\/nos-medecins\/","url":"https:\/\/avangartclinic.com\/fr\/nos-medecins\/","name":"Nos m\u00e9decins - Avangart Clinic","isPartOf":{"@id":"https:\/\/avangartclinic.com\/fr\/#website"},"primaryImageOfPage":{"@id":"https:\/\/avangartclinic.com\/fr\/nos-medecins\/#primaryimage"},"image":{"@id":"https:\/\/avangartclinic.com\/fr\/nos-medecins\/#primaryimage"},"thumbnailUrl":"https:\/\/avangartclinic.com\/wp-content\/uploads\/2025\/02\/dr-emrah-yesilyurt-p1.webp","datePublished":"2025-02-28T13:09:27+00:00","dateModified":"2025-12-08T13:04:36+00:00","breadcrumb":{"@id":"https:\/\/avangartclinic.com\/fr\/nos-medecins\/#breadcrumb"},"inLanguage":"fr-FR","potentialAction":[{"@type":"ReadAction","target":["https:\/\/avangartclinic.com\/fr\/nos-medecins\/"]}]},{"@type":"ImageObject","inLanguage":"fr-FR","@id":"https:\/\/avangartclinic.com\/fr\/nos-medecins\/#primaryimage","url":"https:\/\/avangartclinic.com\/wp-content\/uploads\/2025\/02\/dr-emrah-yesilyurt-p1.webp","contentUrl":"https:\/\/avangartclinic.com\/wp-content\/uploads\/2025\/02\/dr-emrah-yesilyurt-p1.webp"},{"@type":"BreadcrumbList","@id":"https:\/\/avangartclinic.com\/fr\/nos-medecins\/#breadcrumb","itemListElement":[{"@type":"ListItem","position":1,"name":"Home","item":"https:\/\/avangartclinic.com\/fr\/"},{"@type":"ListItem","position":2,"name":"Nos m\u00e9decins"}]},{"@type":"WebSite","@id":"https:\/\/avangartclinic.com\/fr\/#website","url":"https:\/\/avangartclinic.com\/fr\/","name":"Avangart Clinic","description":"Dental Clinic Turkey","publisher":{"@id":"https:\/\/avangartclinic.com\/fr\/#organization"},"potentialAction":[{"@type":"SearchAction","target":{"@type":"EntryPoint","urlTemplate":"https:\/\/avangartclinic.com\/fr\/?s={search_term_string}"},"query-input":{"@type":"PropertyValueSpecification","valueRequired":true,"valueName":"search_term_string"}}],"inLanguage":"fr-FR"},{"@type":"Organization","@id":"https:\/\/avangartclinic.com\/fr\/#organization","name":"Avangart Clinic","url":"https:\/\/avangartclinic.com\/fr\/","logo":{"@type":"ImageObject","inLanguage":"fr-FR","@id":"https:\/\/avangartclinic.com\/fr\/#\/schema\/logo\/image\/","url":"https:\/\/avangartclinic.com\/wp-content\/uploads\/2025\/02\/photo.png","contentUrl":"https:\/\/avangartclinic.com\/wp-content\/uploads\/2025\/02\/photo.png","width":160,"height":160,"caption":"Avangart Clinic"},"image":{"@id":"https:\/\/avangartclinic.com\/fr\/#\/schema\/logo\/image\/"},"sameAs":["https:\/\/www.facebook.com\/AvangartClinic\/","https:\/\/www.youtube.com\/channel\/UCn3LkercWc7jeMKnB68EOUQ","https:\/\/www.instagram.com\/avangartclinic\/"]}]}},"_links":{"self":[{"href":"https:\/\/avangartclinic.com\/fr\/wp-json\/wp\/v2\/pages\/7170","targetHints":{"allow":["GET"]}}],"collection":[{"href":"https:\/\/avangartclinic.com\/fr\/wp-json\/wp\/v2\/pages"}],"about":[{"href":"https:\/\/avangartclinic.com\/fr\/wp-json\/wp\/v2\/types\/page"}],"author":[{"embeddable":true,"href":"https:\/\/avangartclinic.com\/fr\/wp-json\/wp\/v2\/users\/1"}],"replies":[{"embeddable":true,"href":"https:\/\/avangartclinic.com\/fr\/wp-json\/wp\/v2\/comments?post=7170"}],"version-history":[{"count":0,"href":"https:\/\/avangartclinic.com\/fr\/wp-json\/wp\/v2\/pages\/7170\/revisions"}],"wp:attachment":[{"href":"https:\/\/avangartclinic.com\/fr\/wp-json\/wp\/v2\/media?parent=7170"}],"curies":[{"name":"wp","href":"https:\/\/api.w.org\/{rel}","templated":true}]}}