{"id":7203,"date":"2025-02-28T15:22:36","date_gmt":"2025-02-28T15:22:36","guid":{"rendered":"https:\/\/avangartclinic.com\/blog\/"},"modified":"2025-12-08T12:55:33","modified_gmt":"2025-12-08T12:55:33","slug":"blog","status":"publish","type":"page","link":"https:\/\/avangartclinic.com\/fr\/blog\/","title":{"rendered":"Blog"},"content":{"rendered":"\t\t<div data-elementor-type=\"wp-page\" data-elementor-id=\"7203\" class=\"elementor elementor-7203 elementor-639\" data-elementor-post-type=\"page\">\n\t\t\t\t<div class=\"elementor-element elementor-element-8c2dd55 e-flex e-con-boxed e-con e-parent\" data-id=\"8c2dd55\" data-element_type=\"container\" data-e-type=\"container\" data-settings=\"{&quot;background_background&quot;:&quot;classic&quot;,&quot;shape_divider_bottom&quot;:&quot;opacity-tilt&quot;}\">\n\t\t\t\t\t<div class=\"e-con-inner\">\n\t\t\t\t<div class=\"elementor-shape elementor-shape-bottom\" aria-hidden=\"true\" data-negative=\"false\">\n\t\t\t<svg xmlns=\"http:\/\/www.w3.org\/2000\/svg\" viewBox=\"0 0 2600 131.1\" preserveAspectRatio=\"none\">\n\t<path class=\"elementor-shape-fill\" d=\"M0 0L2600 0 2600 69.1 0 0z\"\/>\n\t<path class=\"elementor-shape-fill\" style=\"opacity:0.5\" d=\"M0 0L2600 0 2600 69.1 0 69.1z\"\/>\n\t<path class=\"elementor-shape-fill\" style=\"opacity:0.25\" d=\"M2600 0L0 0 0 130.1 2600 69.1z\"\/>\n<\/svg>\t\t<\/div>\n\t\t<div class=\"elementor-element elementor-element-619d046 e-con-full e-flex e-con e-child\" data-id=\"619d046\" data-element_type=\"container\" data-e-type=\"container\">\n\t\t\t\t<div class=\"elementor-element elementor-element-2d0c8d8 elementor-widget elementor-widget-heading\" data-id=\"2d0c8d8\" data-element_type=\"widget\" data-e-type=\"widget\" data-widget_type=\"heading.default\">\n\t\t\t\t\t<h1 class=\"elementor-heading-title elementor-size-default\">Blog<\/h1>\t\t\t\t<\/div>\n\t\t\t\t<div class=\"elementor-element elementor-element-1da6f0a elementor-widget-divider--view-line elementor-widget elementor-widget-divider\" data-id=\"1da6f0a\" data-element_type=\"widget\" data-e-type=\"widget\" data-widget_type=\"divider.default\">\n\t\t\t\t\t\t\t<div class=\"elementor-divider\">\n\t\t\t<span class=\"elementor-divider-separator\">\n\t\t\t\t\t\t<\/span>\n\t\t<\/div>\n\t\t\t\t\t\t<\/div>\n\t\t\t\t<div class=\"elementor-element elementor-element-1155d24 elementor-widget__width-initial elementor-widget-mobile__width-inherit elementor-widget elementor-widget-text-editor\" data-id=\"1155d24\" data-element_type=\"widget\" data-e-type=\"widget\" data-widget_type=\"text-editor.default\">\n\t\t\t\t\t\t\t\t\t<p>Sur Avangart Blog, vous trouverez les derni\u00e8res tendances en mati\u00e8re de sant\u00e9 et d&rsquo;esth\u00e9tique dentaires avec les informations les plus r\u00e9centes.<\/p>\t\t\t\t\t\t\t\t<\/div>\n\t\t\t\t<\/div>\n\t\t\t\t\t<\/div>\n\t\t\t\t<\/div>\n\t\t<div class=\"elementor-element elementor-element-8e445d8 e-con-full e-flex e-con e-parent\" data-id=\"8e445d8\" data-element_type=\"container\" data-e-type=\"container\">\n\t\t<div class=\"elementor-element elementor-element-7fb421f e-con-full e-flex e-con e-child\" data-id=\"7fb421f\" data-element_type=\"container\" data-e-type=\"container\">\n\t\t\t\t<div class=\"elementor-element elementor-element-5624724 elementor-widget elementor-widget-elementskit-blog-posts\" data-id=\"5624724\" data-element_type=\"widget\" data-e-type=\"widget\" data-widget_type=\"elementskit-blog-posts.default\">\n\t\t\t\t\t<div class=\"ekit-wid-con\" >        <div id=\"post-items--5624724\" class=\"row post-items\" data-masonry-config=\"true\">\n                    <div class=\"col-lg-4 col-md-6\">\n\n                                    <div class=\"elementskit-post-image-card\">\n                        <div class=\"elementskit-entry-header\">\n                                                            <a href=\"https:\/\/avangartclinic.com\/fr\/idee-repas-apres-extraction-dents-sagesse\/\" class=\"elementskit-entry-thumb\">\n                                    <img decoding=\"async\" src=\"https:\/\/avangartclinic.com\/wp-content\/uploads\/2025\/03\/What-Can-I-Eat-After-Wisdom-Teeth-Removal.webp\" alt=\"quoi manger apr\u00e8s une op\u00e9ration des dents de sagesse?\">\n                                <\/a><!-- .elementskit-entry-thumb END -->\n                                                            \n                            \n\t\t\t\t\t\t\t\t\t\t\t\t\t<\/div><!-- .elementskit-entry-header END -->\n\n\t\t\t\t\t\t<div class=\"elementskit-post-body \">\n\t\t\t\t\t\t\t\n\t\t\t\t\t\t\t\t\t\t\t\t\t\t\t\t\t\t\t\t\t\t\t\t\t\t\t\t\t\t\n\t\t\t\t\t\t\t\t\n\t\t\t\t\t\t\t\t\t\t\t\t\t\t\t\t\t\t\t\t\t<h2 class=\"entry-title\">\n\t\t\t\t\t<a href=\"https:\/\/avangartclinic.com\/fr\/idee-repas-apres-extraction-dents-sagesse\/\">\n\t\t\t\t\t\tquoi manger apr\u00e8s une op\u00e9ration des dents de sagesse?\t\t\t\t\t<\/a>\n\t\t\t\t<\/h2>\n\t\t\t\t\t\t\t\t\t\t\t\t\t\t\t\t\t\t\t\t\t\t\t\t\t\t\t\t\t\t\t\t\t\t\t\t\t\t\t\t\t\t<p>Avant et apr\u00e8s : R\u00e9sultats transformateurs avec la clinique Avangart\u2026<\/p>\n\t\t\t\t\t\t\t\t\t\t\t\t\t\t\t\t\t\t\t\t\t\t                                                            <div class=\"btn-wraper\">\n                                                                            <a class=\"elementskit-btn whitespace--normal\" id=\"\" href=\"https:\/\/avangartclinic.com\/fr\/idee-repas-apres-extraction-dents-sagesse\/\">\n                                              Lire la suite                                            <svg aria-hidden=\"true\" class=\"e-font-icon-svg e-fas-long-arrow-alt-right\" viewBox=\"0 0 448 512\" xmlns=\"http:\/\/www.w3.org\/2000\/svg\"><path d=\"M313.941 216H12c-6.627 0-12 5.373-12 12v56c0 6.627 5.373 12 12 12h301.941v46.059c0 21.382 25.851 32.09 40.971 16.971l86.059-86.059c9.373-9.373 9.373-24.569 0-33.941l-86.059-86.059c-15.119-15.119-40.971-4.411-40.971 16.971V216z\"><\/path><\/svg>                                        <\/a>\n                                    \n                                                                    <\/div>\n                                                    <\/div><!-- .elementskit-post-body END -->\n                    <\/div>\n                \n            <\/div>\n                    <div class=\"col-lg-4 col-md-6\">\n\n                                    <div class=\"elementskit-post-image-card\">\n                        <div class=\"elementskit-entry-header\">\n                                                            <a href=\"https:\/\/avangartclinic.com\/fr\/quest-ce-que-la-gingivectomie\/\" class=\"elementskit-entry-thumb\">\n                                    <img decoding=\"async\" src=\"https:\/\/avangartclinic.com\/wp-content\/uploads\/2025\/03\/Gum-Contouring-Cost-Benefit-and-Process-in-Turkey.webp\" alt=\"Qu\u2019est-ce que la gingivectomie?\">\n                                <\/a><!-- .elementskit-entry-thumb END -->\n                                                            \n                            \n\t\t\t\t\t\t\t\t\t\t\t\t\t<\/div><!-- .elementskit-entry-header END -->\n\n\t\t\t\t\t\t<div class=\"elementskit-post-body \">\n\t\t\t\t\t\t\t\n\t\t\t\t\t\t\t\t\t\t\t\t\t\t\t\t\t\t\t\t\t\t\t\t\t\t\t\t\t\t\n\t\t\t\t\t\t\t\t\n\t\t\t\t\t\t\t\t\t\t\t\t\t\t\t\t\t\t\t\t\t<h2 class=\"entry-title\">\n\t\t\t\t\t<a href=\"https:\/\/avangartclinic.com\/fr\/quest-ce-que-la-gingivectomie\/\">\n\t\t\t\t\t\tQu\u2019est-ce que la gingivectomie?\t\t\t\t\t<\/a>\n\t\t\t\t<\/h2>\n\t\t\t\t\t\t\t\t\t\t\t\t\t\t\t\t\t\t\t\t\t\t\t\t\t\t\t\t\t\t\t\t\t\t\t\t\t\t\t\t\t\t<p>Votre guide sur le co\u00fbt de la gingivectomie Si votre\u2026<\/p>\n\t\t\t\t\t\t\t\t\t\t\t\t\t\t\t\t\t\t\t\t\t\t                                                            <div class=\"btn-wraper\">\n                                                                            <a class=\"elementskit-btn whitespace--normal\" id=\"\" href=\"https:\/\/avangartclinic.com\/fr\/quest-ce-que-la-gingivectomie\/\">\n                                              Lire la suite                                            <svg aria-hidden=\"true\" class=\"e-font-icon-svg e-fas-long-arrow-alt-right\" viewBox=\"0 0 448 512\" xmlns=\"http:\/\/www.w3.org\/2000\/svg\"><path d=\"M313.941 216H12c-6.627 0-12 5.373-12 12v56c0 6.627 5.373 12 12 12h301.941v46.059c0 21.382 25.851 32.09 40.971 16.971l86.059-86.059c9.373-9.373 9.373-24.569 0-33.941l-86.059-86.059c-15.119-15.119-40.971-4.411-40.971 16.971V216z\"><\/path><\/svg>                                        <\/a>\n                                    \n                                                                    <\/div>\n                                                    <\/div><!-- .elementskit-post-body END -->\n                    <\/div>\n                \n            <\/div>\n                    <div class=\"col-lg-4 col-md-6\">\n\n                                    <div class=\"elementskit-post-image-card\">\n                        <div class=\"elementskit-entry-header\">\n                                                            <a href=\"https:\/\/avangartclinic.com\/fr\/dents-de-freddie-mercury\/\" class=\"elementskit-entry-thumb\">\n                                    <img decoding=\"async\" src=\"https:\/\/avangartclinic.com\/wp-content\/uploads\/2025\/03\/Freddie-Mercury-Teath-.webp\" alt=\"Dents de Freddie Mercury\">\n                                <\/a><!-- .elementskit-entry-thumb END -->\n                                                            \n                            \n\t\t\t\t\t\t\t\t\t\t\t\t\t<\/div><!-- .elementskit-entry-header END -->\n\n\t\t\t\t\t\t<div class=\"elementskit-post-body \">\n\t\t\t\t\t\t\t\n\t\t\t\t\t\t\t\t\t\t\t\t\t\t\t\t\t\t\t\t\t\t\t\t\t\t\t\t\t\t\n\t\t\t\t\t\t\t\t\n\t\t\t\t\t\t\t\t\t\t\t\t\t\t\t\t\t\t\t\t\t<h2 class=\"entry-title\">\n\t\t\t\t\t<a href=\"https:\/\/avangartclinic.com\/fr\/dents-de-freddie-mercury\/\">\n\t\t\t\t\t\tDents de Freddie Mercury\t\t\t\t\t<\/a>\n\t\t\t\t<\/h2>\n\t\t\t\t\t\t\t\t\t\t\t\t\t\t\t\t\t\t\t\t\t\t\t\t\t\t\t\t\t\t\t\t\t\t\t\t\t\t\t\t\t\t<p>La v\u00e9rit\u00e9 sur les dents de Freddie Mercury Comment sa\u2026<\/p>\n\t\t\t\t\t\t\t\t\t\t\t\t\t\t\t\t\t\t\t\t\t\t                                                            <div class=\"btn-wraper\">\n                                                                            <a class=\"elementskit-btn whitespace--normal\" id=\"\" href=\"https:\/\/avangartclinic.com\/fr\/dents-de-freddie-mercury\/\">\n                                              Lire la suite                                            <svg aria-hidden=\"true\" class=\"e-font-icon-svg e-fas-long-arrow-alt-right\" viewBox=\"0 0 448 512\" xmlns=\"http:\/\/www.w3.org\/2000\/svg\"><path d=\"M313.941 216H12c-6.627 0-12 5.373-12 12v56c0 6.627 5.373 12 12 12h301.941v46.059c0 21.382 25.851 32.09 40.971 16.971l86.059-86.059c9.373-9.373 9.373-24.569 0-33.941l-86.059-86.059c-15.119-15.119-40.971-4.411-40.971 16.971V216z\"><\/path><\/svg>                                        <\/a>\n                                    \n                                                                    <\/div>\n                                                    <\/div><!-- .elementskit-post-body END -->\n                    <\/div>\n                \n            <\/div>\n                <\/div>\n       <\/div>\t\t\t\t<\/div>\n\t\t\t\t<\/div>\n\t\t\t\t<\/div>\n\t\t\t\t<\/div>\n\t\t","protected":false},"excerpt":{"rendered":"<p>Blog Sur Avangart Blog, vous trouverez les derni\u00e8res tendances en mati\u00e8re de sant\u00e9 et d&rsquo;esth\u00e9tique dentaires avec les informations les plus r\u00e9centes. Top 10 Dental Clinics in Turkey Top 10 Dental Clinics in Turkey Turkey is now one&hellip; Lire la suite Snap On Veneers &#8211; Best Quality Clip-On Veneers Snap-On Veneers: Everything You Need to [&hellip;]<\/p>\n","protected":false},"author":1,"featured_media":0,"parent":0,"menu_order":0,"comment_status":"closed","ping_status":"closed","template":"","meta":{"footnotes":""},"class_list":["post-7203","page","type-page","status-publish","hentry"],"yoast_head":"<!-- This site is optimized with the Yoast SEO plugin v27.6 - https:\/\/yoast.com\/product\/yoast-seo-wordpress\/ -->\n<title>Blog - Avangart Clinic<\/title>\n<meta name=\"robots\" content=\"index, follow, max-snippet:-1, max-image-preview:large, max-video-preview:-1\" \/>\n<link rel=\"canonical\" href=\"https:\/\/avangartclinic.com\/fr\/blog\/\" \/>\n<meta property=\"og:locale\" content=\"fr_FR\" \/>\n<meta property=\"og:type\" content=\"article\" \/>\n<meta property=\"og:title\" content=\"Blog - Avangart Clinic\" \/>\n<meta property=\"og:description\" content=\"Blog Sur Avangart Blog, vous trouverez les derni\u00e8res tendances en mati\u00e8re de sant\u00e9 et d&rsquo;esth\u00e9tique dentaires avec les informations les plus r\u00e9centes. Top 10 Dental Clinics in Turkey Top 10 Dental Clinics in Turkey Turkey is now one&hellip; Lire la suite Snap On Veneers &#8211; Best Quality Clip-On Veneers Snap-On Veneers: Everything You Need to [&hellip;]\" \/>\n<meta property=\"og:url\" content=\"https:\/\/avangartclinic.com\/fr\/blog\/\" \/>\n<meta property=\"og:site_name\" content=\"Avangart Clinic\" \/>\n<meta property=\"article:publisher\" content=\"https:\/\/www.facebook.com\/AvangartClinic\/\" \/>\n<meta property=\"article:modified_time\" content=\"2025-12-08T12:55:33+00:00\" \/>\n<meta property=\"og:image\" content=\"https:\/\/avangartclinic.com\/wp-content\/uploads\/2025\/03\/avangart-Clinic.webp\" \/>\n<meta name=\"twitter:card\" content=\"summary_large_image\" \/>\n<meta name=\"twitter:label1\" content=\"Dur\u00e9e de lecture estim\u00e9e\" \/>\n\t<meta name=\"twitter:data1\" content=\"1 minute\" \/>\n<script type=\"application\/ld+json\" class=\"yoast-schema-graph\">{\"@context\":\"https:\\\/\\\/schema.org\",\"@graph\":[{\"@type\":\"WebPage\",\"@id\":\"https:\\\/\\\/avangartclinic.com\\\/fr\\\/blog\\\/\",\"url\":\"https:\\\/\\\/avangartclinic.com\\\/fr\\\/blog\\\/\",\"name\":\"Blog - Avangart Clinic\",\"isPartOf\":{\"@id\":\"https:\\\/\\\/avangartclinic.com\\\/fr\\\/#website\"},\"primaryImageOfPage\":{\"@id\":\"https:\\\/\\\/avangartclinic.com\\\/fr\\\/blog\\\/#primaryimage\"},\"image\":{\"@id\":\"https:\\\/\\\/avangartclinic.com\\\/fr\\\/blog\\\/#primaryimage\"},\"thumbnailUrl\":\"https:\\\/\\\/avangartclinic.com\\\/wp-content\\\/uploads\\\/2025\\\/03\\\/avangart-Clinic.webp\",\"datePublished\":\"2025-02-28T15:22:36+00:00\",\"dateModified\":\"2025-12-08T12:55:33+00:00\",\"breadcrumb\":{\"@id\":\"https:\\\/\\\/avangartclinic.com\\\/fr\\\/blog\\\/#breadcrumb\"},\"inLanguage\":\"fr-FR\",\"potentialAction\":[{\"@type\":\"ReadAction\",\"target\":[\"https:\\\/\\\/avangartclinic.com\\\/fr\\\/blog\\\/\"]}]},{\"@type\":\"ImageObject\",\"inLanguage\":\"fr-FR\",\"@id\":\"https:\\\/\\\/avangartclinic.com\\\/fr\\\/blog\\\/#primaryimage\",\"url\":\"https:\\\/\\\/avangartclinic.com\\\/wp-content\\\/uploads\\\/2025\\\/03\\\/avangart-Clinic.webp\",\"contentUrl\":\"https:\\\/\\\/avangartclinic.com\\\/wp-content\\\/uploads\\\/2025\\\/03\\\/avangart-Clinic.webp\"},{\"@type\":\"BreadcrumbList\",\"@id\":\"https:\\\/\\\/avangartclinic.com\\\/fr\\\/blog\\\/#breadcrumb\",\"itemListElement\":[{\"@type\":\"ListItem\",\"position\":1,\"name\":\"Home\",\"item\":\"https:\\\/\\\/avangartclinic.com\\\/fr\\\/\"},{\"@type\":\"ListItem\",\"position\":2,\"name\":\"Blog\"}]},{\"@type\":\"WebSite\",\"@id\":\"https:\\\/\\\/avangartclinic.com\\\/fr\\\/#website\",\"url\":\"https:\\\/\\\/avangartclinic.com\\\/fr\\\/\",\"name\":\"Avangart Clinic\",\"description\":\"Dental Clinic Turkey\",\"publisher\":{\"@id\":\"https:\\\/\\\/avangartclinic.com\\\/fr\\\/#organization\"},\"potentialAction\":[{\"@type\":\"SearchAction\",\"target\":{\"@type\":\"EntryPoint\",\"urlTemplate\":\"https:\\\/\\\/avangartclinic.com\\\/fr\\\/?s={search_term_string}\"},\"query-input\":{\"@type\":\"PropertyValueSpecification\",\"valueRequired\":true,\"valueName\":\"search_term_string\"}}],\"inLanguage\":\"fr-FR\"},{\"@type\":\"Organization\",\"@id\":\"https:\\\/\\\/avangartclinic.com\\\/fr\\\/#organization\",\"name\":\"Avangart Clinic\",\"url\":\"https:\\\/\\\/avangartclinic.com\\\/fr\\\/\",\"logo\":{\"@type\":\"ImageObject\",\"inLanguage\":\"fr-FR\",\"@id\":\"https:\\\/\\\/avangartclinic.com\\\/fr\\\/#\\\/schema\\\/logo\\\/image\\\/\",\"url\":\"https:\\\/\\\/avangartclinic.com\\\/wp-content\\\/uploads\\\/2025\\\/02\\\/photo.png\",\"contentUrl\":\"https:\\\/\\\/avangartclinic.com\\\/wp-content\\\/uploads\\\/2025\\\/02\\\/photo.png\",\"width\":160,\"height\":160,\"caption\":\"Avangart Clinic\"},\"image\":{\"@id\":\"https:\\\/\\\/avangartclinic.com\\\/fr\\\/#\\\/schema\\\/logo\\\/image\\\/\"},\"sameAs\":[\"https:\\\/\\\/www.facebook.com\\\/AvangartClinic\\\/\",\"https:\\\/\\\/www.youtube.com\\\/channel\\\/UCn3LkercWc7jeMKnB68EOUQ\",\"https:\\\/\\\/www.instagram.com\\\/avangartclinic\\\/\"]}]}<\/script>\n<!-- \/ Yoast SEO plugin. -->","yoast_head_json":{"title":"Blog - Avangart Clinic","robots":{"index":"index","follow":"follow","max-snippet":"max-snippet:-1","max-image-preview":"max-image-preview:large","max-video-preview":"max-video-preview:-1"},"canonical":"https:\/\/avangartclinic.com\/fr\/blog\/","og_locale":"fr_FR","og_type":"article","og_title":"Blog - Avangart Clinic","og_description":"Blog Sur Avangart Blog, vous trouverez les derni\u00e8res tendances en mati\u00e8re de sant\u00e9 et d&rsquo;esth\u00e9tique dentaires avec les informations les plus r\u00e9centes. Top 10 Dental Clinics in Turkey Top 10 Dental Clinics in Turkey Turkey is now one&hellip; Lire la suite Snap On Veneers &#8211; Best Quality Clip-On Veneers Snap-On Veneers: Everything You Need to [&hellip;]","og_url":"https:\/\/avangartclinic.com\/fr\/blog\/","og_site_name":"Avangart Clinic","article_publisher":"https:\/\/www.facebook.com\/AvangartClinic\/","article_modified_time":"2025-12-08T12:55:33+00:00","og_image":[{"url":"https:\/\/avangartclinic.com\/wp-content\/uploads\/2025\/03\/avangart-Clinic.webp","type":"","width":"","height":""}],"twitter_card":"summary_large_image","twitter_misc":{"Dur\u00e9e de lecture estim\u00e9e":"1 minute"},"schema":{"@context":"https:\/\/schema.org","@graph":[{"@type":"WebPage","@id":"https:\/\/avangartclinic.com\/fr\/blog\/","url":"https:\/\/avangartclinic.com\/fr\/blog\/","name":"Blog - Avangart Clinic","isPartOf":{"@id":"https:\/\/avangartclinic.com\/fr\/#website"},"primaryImageOfPage":{"@id":"https:\/\/avangartclinic.com\/fr\/blog\/#primaryimage"},"image":{"@id":"https:\/\/avangartclinic.com\/fr\/blog\/#primaryimage"},"thumbnailUrl":"https:\/\/avangartclinic.com\/wp-content\/uploads\/2025\/03\/avangart-Clinic.webp","datePublished":"2025-02-28T15:22:36+00:00","dateModified":"2025-12-08T12:55:33+00:00","breadcrumb":{"@id":"https:\/\/avangartclinic.com\/fr\/blog\/#breadcrumb"},"inLanguage":"fr-FR","potentialAction":[{"@type":"ReadAction","target":["https:\/\/avangartclinic.com\/fr\/blog\/"]}]},{"@type":"ImageObject","inLanguage":"fr-FR","@id":"https:\/\/avangartclinic.com\/fr\/blog\/#primaryimage","url":"https:\/\/avangartclinic.com\/wp-content\/uploads\/2025\/03\/avangart-Clinic.webp","contentUrl":"https:\/\/avangartclinic.com\/wp-content\/uploads\/2025\/03\/avangart-Clinic.webp"},{"@type":"BreadcrumbList","@id":"https:\/\/avangartclinic.com\/fr\/blog\/#breadcrumb","itemListElement":[{"@type":"ListItem","position":1,"name":"Home","item":"https:\/\/avangartclinic.com\/fr\/"},{"@type":"ListItem","position":2,"name":"Blog"}]},{"@type":"WebSite","@id":"https:\/\/avangartclinic.com\/fr\/#website","url":"https:\/\/avangartclinic.com\/fr\/","name":"Avangart Clinic","description":"Dental Clinic Turkey","publisher":{"@id":"https:\/\/avangartclinic.com\/fr\/#organization"},"potentialAction":[{"@type":"SearchAction","target":{"@type":"EntryPoint","urlTemplate":"https:\/\/avangartclinic.com\/fr\/?s={search_term_string}"},"query-input":{"@type":"PropertyValueSpecification","valueRequired":true,"valueName":"search_term_string"}}],"inLanguage":"fr-FR"},{"@type":"Organization","@id":"https:\/\/avangartclinic.com\/fr\/#organization","name":"Avangart Clinic","url":"https:\/\/avangartclinic.com\/fr\/","logo":{"@type":"ImageObject","inLanguage":"fr-FR","@id":"https:\/\/avangartclinic.com\/fr\/#\/schema\/logo\/image\/","url":"https:\/\/avangartclinic.com\/wp-content\/uploads\/2025\/02\/photo.png","contentUrl":"https:\/\/avangartclinic.com\/wp-content\/uploads\/2025\/02\/photo.png","width":160,"height":160,"caption":"Avangart Clinic"},"image":{"@id":"https:\/\/avangartclinic.com\/fr\/#\/schema\/logo\/image\/"},"sameAs":["https:\/\/www.facebook.com\/AvangartClinic\/","https:\/\/www.youtube.com\/channel\/UCn3LkercWc7jeMKnB68EOUQ","https:\/\/www.instagram.com\/avangartclinic\/"]}]}},"_links":{"self":[{"href":"https:\/\/avangartclinic.com\/fr\/wp-json\/wp\/v2\/pages\/7203","targetHints":{"allow":["GET"]}}],"collection":[{"href":"https:\/\/avangartclinic.com\/fr\/wp-json\/wp\/v2\/pages"}],"about":[{"href":"https:\/\/avangartclinic.com\/fr\/wp-json\/wp\/v2\/types\/page"}],"author":[{"embeddable":true,"href":"https:\/\/avangartclinic.com\/fr\/wp-json\/wp\/v2\/users\/1"}],"replies":[{"embeddable":true,"href":"https:\/\/avangartclinic.com\/fr\/wp-json\/wp\/v2\/comments?post=7203"}],"version-history":[{"count":0,"href":"https:\/\/avangartclinic.com\/fr\/wp-json\/wp\/v2\/pages\/7203\/revisions"}],"wp:attachment":[{"href":"https:\/\/avangartclinic.com\/fr\/wp-json\/wp\/v2\/media?parent=7203"}],"curies":[{"name":"wp","href":"https:\/\/api.w.org\/{rel}","templated":true}]}}