{"id":7205,"date":"2025-02-28T16:18:13","date_gmt":"2025-02-28T16:18:13","guid":{"rendered":"https:\/\/avangartclinic.com\/iletisim\/"},"modified":"2026-04-27T09:51:22","modified_gmt":"2026-04-27T09:51:22","slug":"iletisim","status":"publish","type":"page","link":"https:\/\/avangartclinic.com\/tr\/iletisim\/","title":{"rendered":"\u0130leti\u015fim"},"content":{"rendered":"\t\t<div data-elementor-type=\"wp-page\" data-elementor-id=\"7205\" class=\"elementor elementor-7205 elementor-687\" data-elementor-post-type=\"page\">\n\t\t\t\t<div class=\"elementor-element elementor-element-8f79f1a e-flex e-con-boxed e-con e-parent\" data-id=\"8f79f1a\" data-element_type=\"container\" data-e-type=\"container\" data-settings=\"{&quot;background_background&quot;:&quot;classic&quot;,&quot;shape_divider_bottom&quot;:&quot;opacity-tilt&quot;}\">\n\t\t\t\t\t<div class=\"e-con-inner\">\n\t\t\t\t<div class=\"elementor-shape elementor-shape-bottom\" aria-hidden=\"true\" data-negative=\"false\">\n\t\t\t<svg xmlns=\"http:\/\/www.w3.org\/2000\/svg\" viewBox=\"0 0 2600 131.1\" preserveAspectRatio=\"none\">\n\t<path class=\"elementor-shape-fill\" d=\"M0 0L2600 0 2600 69.1 0 0z\"\/>\n\t<path class=\"elementor-shape-fill\" style=\"opacity:0.5\" d=\"M0 0L2600 0 2600 69.1 0 69.1z\"\/>\n\t<path class=\"elementor-shape-fill\" style=\"opacity:0.25\" d=\"M2600 0L0 0 0 130.1 2600 69.1z\"\/>\n<\/svg>\t\t<\/div>\n\t\t<div class=\"elementor-element elementor-element-95a347b e-con-full e-flex e-con e-child\" data-id=\"95a347b\" data-element_type=\"container\" data-e-type=\"container\">\n\t\t\t\t<div class=\"elementor-element elementor-element-086d322 elementor-widget elementor-widget-heading\" data-id=\"086d322\" data-element_type=\"widget\" data-e-type=\"widget\" data-widget_type=\"heading.default\">\n\t\t\t\t\t<h1 class=\"elementor-heading-title elementor-size-default\">\u0130leti\u015fim<\/h1>\t\t\t\t<\/div>\n\t\t\t\t<div class=\"elementor-element elementor-element-602479f elementor-widget-divider--view-line elementor-widget elementor-widget-divider\" data-id=\"602479f\" data-element_type=\"widget\" data-e-type=\"widget\" data-widget_type=\"divider.default\">\n\t\t\t\t\t\t\t<div class=\"elementor-divider\">\n\t\t\t<span class=\"elementor-divider-separator\">\n\t\t\t\t\t\t<\/span>\n\t\t<\/div>\n\t\t\t\t\t\t<\/div>\n\t\t\t\t<div class=\"elementor-element elementor-element-bc0243a elementor-widget__width-initial elementor-widget elementor-widget-text-editor\" data-id=\"bc0243a\" data-element_type=\"widget\" data-e-type=\"widget\" data-widget_type=\"text-editor.default\">\n\t\t\t\t\t\t\t\t\tDi\u015f plan\u0131n\u0131z\u0131 olu\u015fturmak, doktorlar\u0131m\u0131zdan dan\u0131\u015fmanl\u0131k almak veya fiyat bilgisi almak i\u00e7in l\u00fctfen a\u015fa\u011f\u0131daki formu doldurunuz.\t\t\t\t\t\t\t\t<\/div>\n\t\t\t\t<\/div>\n\t\t\t\t\t<\/div>\n\t\t\t\t<\/div>\n\t\t<div class=\"elementor-element elementor-element-15b61092 e-flex e-con-boxed e-con e-parent\" data-id=\"15b61092\" data-element_type=\"container\" data-e-type=\"container\">\n\t\t\t\t\t<div class=\"e-con-inner\">\n\t\t\t\t<div class=\"elementor-element elementor-element-406d0c85 elementor-widget elementor-widget-author-box\" data-id=\"406d0c85\" data-element_type=\"widget\" data-e-type=\"widget\" data-widget_type=\"author-box.default\">\n\t\t\t\t\t\t\t<div class=\"elementor-author-box\">\r\n\t\t\t\t\t\t\t<a href=\"https:\/\/avangartclinic.com\/dr-emrah-yesilyurt\/\" class=\"elementor-author-box__avatar\">\r\n\t\t\t\t\t<img decoding=\"async\" src=\"https:\/\/avangartclinic.com\/wp-content\/uploads\/2025\/04\/dr-emrah-yesilyurt-p1-300x300.webp\" alt=\"Picture of Dr. Emrah YE\u015e\u0130LYURT\u200b\" loading=\"lazy\">\r\n\t\t\t\t<\/a>\r\n\t\t\t\r\n\t\t\t<div class=\"elementor-author-box__text\">\r\n\t\t\t\t\t\t\t\t\t<a href=\"https:\/\/avangartclinic.com\/dr-emrah-yesilyurt\/\">\r\n\t\t\t\t\t\t<h2 class=\"elementor-author-box__name\">\r\n\t\t\t\t\t\t\tDr. Emrah YE\u015e\u0130LYURT\u200b\t\t\t\t\t\t<\/h2>\r\n\t\t\t\t\t<\/a>\r\n\t\t\t\t\r\n\t\t\t\t\t\t\t\t\t<div class=\"elementor-author-box__bio\">\r\n\t\t\t\t\t\t<p>Avangart Clinic'in kurucusu Dr. Emrah Ye\u015filyurt taraf\u0131ndan t\u0131bbi olarak incelenmi\u015ftir. Dr. Ye\u015filyurt, t\u00fcm klinik i\u00e7eri\u011fin di\u015f hekimli\u011fi alan\u0131nda en y\u00fcksek do\u011fruluk ve hasta g\u00fcvenli\u011fi standartlar\u0131n\u0131 kar\u015f\u0131lad\u0131\u011f\u0131ndan emin olmaktad\u0131r.<\/p>\n\t\t\t\t\t<\/div>\r\n\t\t\t\t\r\n\t\t\t\t\t\t\t<\/div>\r\n\t\t<\/div>\r\n\t\t\t\t\t\t<\/div>\n\t\t\t\t\t<\/div>\n\t\t\t\t<\/div>\n\t\t<div class=\"elementor-element elementor-element-3f9146f e-flex e-con-boxed e-con e-parent\" data-id=\"3f9146f\" data-element_type=\"container\" data-e-type=\"container\" data-settings=\"{&quot;background_background&quot;:&quot;classic&quot;}\">\n\t\t\t\t\t<div class=\"e-con-inner\">\n\t\t<div class=\"elementor-element elementor-element-4880ad2 e-con-full e-flex e-con e-child\" data-id=\"4880ad2\" data-element_type=\"container\" data-e-type=\"container\">\n\t\t<div class=\"elementor-element elementor-element-b4455f8 e-con-full e-flex e-con e-child\" data-id=\"b4455f8\" data-element_type=\"container\" data-e-type=\"container\">\n\t\t<div class=\"elementor-element elementor-element-c68a915 e-con-full e-flex e-con e-child\" data-id=\"c68a915\" data-element_type=\"container\" data-e-type=\"container\" data-settings=\"{&quot;sticky&quot;:&quot;top&quot;,&quot;sticky_on&quot;:[&quot;desktop&quot;],&quot;sticky_offset&quot;:40,&quot;sticky_parent&quot;:&quot;yes&quot;,&quot;sticky_effects_offset&quot;:0,&quot;sticky_anchor_link_offset&quot;:0}\">\n\t\t\t\t<div class=\"elementor-element elementor-element-5f98384 elementor-widget elementor-widget-heading\" data-id=\"5f98384\" data-element_type=\"widget\" data-e-type=\"widget\" data-widget_type=\"heading.default\">\n\t\t\t\t\t<h2 class=\"elementor-heading-title elementor-size-default\">\u0130leti\u015fim Bilgileri\n<\/h2>\t\t\t\t<\/div>\n\t\t\t\t<div class=\"elementor-element elementor-element-d748349 elementor-widget elementor-widget-text-editor\" data-id=\"d748349\" data-element_type=\"widget\" data-e-type=\"widget\" data-widget_type=\"text-editor.default\">\n\t\t\t\t\t\t\t\t\t<p>Mecidiyek\u00f6y Mahallesi, B\u00fcy\u00fckdere Caddesi, 91\/B, Ocak Apt, 34400, \u015ei\u015fli\/\u0130stanbul, T\u00fcrkiye<\/p>\t\t\t\t\t\t\t\t<\/div>\n\t\t\t\t<div class=\"elementor-element elementor-element-31d5985 elementor-widget elementor-widget-text-editor\" data-id=\"31d5985\" data-element_type=\"widget\" data-e-type=\"widget\" data-widget_type=\"text-editor.default\">\n\t\t\t\t\t\t\t\t\t<p>Tel: <span style=\"color: #525152;\"><a style=\"color: #525152;\" href=\"tel:+90%20212%20211%2082%2011\">+90 212 211 82 11<\/a><\/span><br><a style=\"color: #565558;\" href=\"https:\/\/wa.me\/+905421468211\">WhatsApp +90 542 146 82 11<\/a><br><span style=\"color: #525152;\"><a style=\"color: #525152;\" href=\"mailto:contact@avangartclinic.com\">contact@avangartclinic.com<\/a><\/span><\/p>\t\t\t\t\t\t\t\t<\/div>\n\t\t\t\t<div class=\"elementor-element elementor-element-94cbbe2 elementor-icon-list--layout-inline elementor-list-item-link-full_width elementor-widget elementor-widget-icon-list\" data-id=\"94cbbe2\" data-element_type=\"widget\" data-e-type=\"widget\" data-widget_type=\"icon-list.default\">\n\t\t\t\t\t\t\t<ul class=\"elementor-icon-list-items elementor-inline-items\">\n\t\t\t\t\t\t\t<li class=\"elementor-icon-list-item elementor-inline-item\">\n\t\t\t\t\t\t\t\t\t\t\t<a href=\"https:\/\/www.instagram.com\/avangartclinic\/\">\n\n\t\t\t\t\t\t\t\t\t\t\t\t<span class=\"elementor-icon-list-icon\">\n\t\t\t\t\t\t\t<i aria-hidden=\"true\" class=\"icon icon-instagram-1\"><\/i>\t\t\t\t\t\t<\/span>\n\t\t\t\t\t\t\t\t\t\t<span class=\"elementor-icon-list-text\">  Instagram<\/span>\n\t\t\t\t\t\t\t\t\t\t\t<\/a>\n\t\t\t\t\t\t\t\t\t<\/li>\n\t\t\t\t\t\t\t\t<li class=\"elementor-icon-list-item elementor-inline-item\">\n\t\t\t\t\t\t\t\t\t\t\t<a href=\"https:\/\/www.facebook.com\/AvangartClinic\/\">\n\n\t\t\t\t\t\t\t\t\t\t\t\t<span class=\"elementor-icon-list-icon\">\n\t\t\t\t\t\t\t<i aria-hidden=\"true\" class=\"icon icon-facebook-2\"><\/i>\t\t\t\t\t\t<\/span>\n\t\t\t\t\t\t\t\t\t\t<span class=\"elementor-icon-list-text\">Facebook<\/span>\n\t\t\t\t\t\t\t\t\t\t\t<\/a>\n\t\t\t\t\t\t\t\t\t<\/li>\n\t\t\t\t\t\t\t\t<li class=\"elementor-icon-list-item elementor-inline-item\">\n\t\t\t\t\t\t\t\t\t\t\t<a href=\"https:\/\/www.youtube.com\/channel\/UCn3LkercWc7jeMKnB68EOUQ\">\n\n\t\t\t\t\t\t\t\t\t\t\t\t<span class=\"elementor-icon-list-icon\">\n\t\t\t\t\t\t\t<svg aria-hidden=\"true\" class=\"e-font-icon-svg e-fab-youtube\" viewBox=\"0 0 576 512\" xmlns=\"http:\/\/www.w3.org\/2000\/svg\"><path d=\"M549.655 124.083c-6.281-23.65-24.787-42.276-48.284-48.597C458.781 64 288 64 288 64S117.22 64 74.629 75.486c-23.497 6.322-42.003 24.947-48.284 48.597-11.412 42.867-11.412 132.305-11.412 132.305s0 89.438 11.412 132.305c6.281 23.65 24.787 41.5 48.284 47.821C117.22 448 288 448 288 448s170.78 0 213.371-11.486c23.497-6.321 42.003-24.171 48.284-47.821 11.412-42.867 11.412-132.305 11.412-132.305s0-89.438-11.412-132.305zm-317.51 213.508V175.185l142.739 81.205-142.739 81.201z\"><\/path><\/svg>\t\t\t\t\t\t<\/span>\n\t\t\t\t\t\t\t\t\t\t<span class=\"elementor-icon-list-text\">  Youtube<\/span>\n\t\t\t\t\t\t\t\t\t\t\t<\/a>\n\t\t\t\t\t\t\t\t\t<\/li>\n\t\t\t\t\t\t<\/ul>\n\t\t\t\t\t\t<\/div>\n\t\t\t\t<\/div>\n\t\t\t\t<\/div>\n\t\t<div class=\"elementor-element elementor-element-ffb89ab e-con-full e-flex e-con e-child\" data-id=\"ffb89ab\" data-element_type=\"container\" data-e-type=\"container\">\n\t\t\t\t<div class=\"elementor-element elementor-element-aa813e9 elementor-widget elementor-widget-html\" data-id=\"aa813e9\" data-element_type=\"widget\" data-e-type=\"widget\" data-widget_type=\"html.default\">\n\t\t\t\t\t<script>!function(a,m,o,c,r,m){a[o+c]=a[o+c]||{setMeta:function(p){this.params=(this.params||[]).concat([p])}},a[o+r]=a[o+r]||function(f){a[o+r].f=(a[o+r].f||[]).concat([f])},a[o+r]({id:\"1409855\",hash:\"e0f224f520ecb5dc27b7b78193ed6e5f\",locale:\"en\"}),a[o+m]=a[o+m]||function(f,k){a[o+m].f=(a[o+m].f||[]).concat([[f,k]])}}(window,0,\"amo_forms_\",\"params\",\"load\",\"loaded\");<\/script><script id=\"amoforms_script_1409855\" async=\"async\" charset=\"utf-8\" src=\"https:\/\/forms.kommo.com\/forms\/assets\/js\/amoforms.js?1777283439\"><\/script>\t\t\t\t<\/div>\n\t\t\t\t<\/div>\n\t\t\t\t<\/div>\n\t\t\t\t\t<\/div>\n\t\t\t\t<\/div>\n\t\t<div class=\"elementor-element elementor-element-ee93409 e-con-full e-flex e-con e-parent\" data-id=\"ee93409\" data-element_type=\"container\" data-e-type=\"container\">\n\t\t\t\t<div class=\"elementor-element elementor-element-9c79f0a elementor-widget elementor-widget-google_maps\" data-id=\"9c79f0a\" data-element_type=\"widget\" data-e-type=\"widget\" data-widget_type=\"google_maps.default\">\n\t\t\t\t\t\t\t<div class=\"elementor-custom-embed\">\n\t\t\t<iframe loading=\"lazy\"\n\t\t\t\t\tsrc=\"https:\/\/maps.google.com\/maps?q=avangart%20clinic&#038;t=m&#038;z=15&#038;output=embed&#038;iwloc=near\"\n\t\t\t\t\ttitle=\"avangart clinic\"\n\t\t\t\t\taria-label=\"avangart clinic\"\n\t\t\t><\/iframe>\n\t\t<\/div>\n\t\t\t\t\t\t<\/div>\n\t\t\t\t<\/div>\n\t\t\t\t<\/div>\n\t\t","protected":false},"excerpt":{"rendered":"<p>\u0130leti\u015fim Di\u015f plan\u0131n\u0131z\u0131 olu\u015fturmak, doktorlar\u0131m\u0131zdan dan\u0131\u015fmanl\u0131k almak veya fiyat bilgisi almak i\u00e7in l\u00fctfen a\u015fa\u011f\u0131daki formu doldurunuz. \u0130leti\u015fim Bilgileri Mecidiyek\u00f6y Mahallesi, B\u00fcy\u00fckdere Caddesi, 91\/B, Ocak Apt, 34400, \u015ei\u015fli\/\u0130stanbul, T\u00fcrkiye Tel: +90 212 211 82 11WhatsApp +90 542 146 82 11contact@avangartclinic.com Instagram Facebook Youtube<\/p>\n","protected":false},"author":1,"featured_media":0,"parent":0,"menu_order":0,"comment_status":"closed","ping_status":"closed","template":"","meta":{"footnotes":""},"class_list":["post-7205","page","type-page","status-publish","hentry"],"yoast_head":"<!-- This site is optimized with the Yoast SEO plugin v27.6 - https:\/\/yoast.com\/product\/yoast-seo-wordpress\/ -->\n<title>\u0130leti\u015fim - Avangart Clinic<\/title>\n<meta name=\"robots\" content=\"index, follow, max-snippet:-1, max-image-preview:large, max-video-preview:-1\" \/>\n<link rel=\"canonical\" href=\"https:\/\/avangartclinic.com\/tr\/iletisim\/\" \/>\n<meta property=\"og:locale\" content=\"tr_TR\" \/>\n<meta property=\"og:type\" content=\"article\" \/>\n<meta property=\"og:title\" content=\"\u0130leti\u015fim - Avangart Clinic\" \/>\n<meta property=\"og:description\" content=\"\u0130leti\u015fim Di\u015f plan\u0131n\u0131z\u0131 olu\u015fturmak, doktorlar\u0131m\u0131zdan dan\u0131\u015fmanl\u0131k almak veya fiyat bilgisi almak i\u00e7in l\u00fctfen a\u015fa\u011f\u0131daki formu doldurunuz. \u0130leti\u015fim Bilgileri Mecidiyek\u00f6y Mahallesi, B\u00fcy\u00fckdere Caddesi, 91\/B, Ocak Apt, 34400, \u015ei\u015fli\/\u0130stanbul, T\u00fcrkiye Tel: +90 212 211 82 11WhatsApp +90 542 146 82 11contact@avangartclinic.com Instagram Facebook Youtube\" \/>\n<meta property=\"og:url\" content=\"https:\/\/avangartclinic.com\/tr\/iletisim\/\" \/>\n<meta property=\"og:site_name\" content=\"Avangart Clinic\" \/>\n<meta property=\"article:publisher\" content=\"https:\/\/www.facebook.com\/AvangartClinic\/\" \/>\n<meta property=\"article:modified_time\" content=\"2026-04-27T09:51:22+00:00\" \/>\n<meta name=\"twitter:card\" content=\"summary_large_image\" \/>\n<meta name=\"twitter:label1\" content=\"Tahmini okuma s\u00fcresi\" \/>\n\t<meta name=\"twitter:data1\" content=\"1 dakika\" \/>\n<script type=\"application\/ld+json\" class=\"yoast-schema-graph\">{\"@context\":\"https:\\\/\\\/schema.org\",\"@graph\":[{\"@type\":\"WebPage\",\"@id\":\"https:\\\/\\\/avangartclinic.com\\\/tr\\\/iletisim\\\/\",\"url\":\"https:\\\/\\\/avangartclinic.com\\\/tr\\\/iletisim\\\/\",\"name\":\"\u0130leti\u015fim - Avangart Clinic\",\"isPartOf\":{\"@id\":\"https:\\\/\\\/avangartclinic.com\\\/tr\\\/#website\"},\"datePublished\":\"2025-02-28T16:18:13+00:00\",\"dateModified\":\"2026-04-27T09:51:22+00:00\",\"breadcrumb\":{\"@id\":\"https:\\\/\\\/avangartclinic.com\\\/tr\\\/iletisim\\\/#breadcrumb\"},\"inLanguage\":\"tr\",\"potentialAction\":[{\"@type\":\"ReadAction\",\"target\":[\"https:\\\/\\\/avangartclinic.com\\\/tr\\\/iletisim\\\/\"]}]},{\"@type\":\"BreadcrumbList\",\"@id\":\"https:\\\/\\\/avangartclinic.com\\\/tr\\\/iletisim\\\/#breadcrumb\",\"itemListElement\":[{\"@type\":\"ListItem\",\"position\":1,\"name\":\"Home\",\"item\":\"https:\\\/\\\/avangartclinic.com\\\/tr\\\/\"},{\"@type\":\"ListItem\",\"position\":2,\"name\":\"\u0130leti\u015fim\"}]},{\"@type\":\"WebSite\",\"@id\":\"https:\\\/\\\/avangartclinic.com\\\/tr\\\/#website\",\"url\":\"https:\\\/\\\/avangartclinic.com\\\/tr\\\/\",\"name\":\"Avangart Clinic\",\"description\":\"Dental Clinic Turkey\",\"publisher\":{\"@id\":\"https:\\\/\\\/avangartclinic.com\\\/tr\\\/#organization\"},\"potentialAction\":[{\"@type\":\"SearchAction\",\"target\":{\"@type\":\"EntryPoint\",\"urlTemplate\":\"https:\\\/\\\/avangartclinic.com\\\/tr\\\/?s={search_term_string}\"},\"query-input\":{\"@type\":\"PropertyValueSpecification\",\"valueRequired\":true,\"valueName\":\"search_term_string\"}}],\"inLanguage\":\"tr\"},{\"@type\":\"Organization\",\"@id\":\"https:\\\/\\\/avangartclinic.com\\\/tr\\\/#organization\",\"name\":\"Avangart Clinic\",\"url\":\"https:\\\/\\\/avangartclinic.com\\\/tr\\\/\",\"logo\":{\"@type\":\"ImageObject\",\"inLanguage\":\"tr\",\"@id\":\"https:\\\/\\\/avangartclinic.com\\\/tr\\\/#\\\/schema\\\/logo\\\/image\\\/\",\"url\":\"https:\\\/\\\/avangartclinic.com\\\/wp-content\\\/uploads\\\/2025\\\/02\\\/photo.png\",\"contentUrl\":\"https:\\\/\\\/avangartclinic.com\\\/wp-content\\\/uploads\\\/2025\\\/02\\\/photo.png\",\"width\":160,\"height\":160,\"caption\":\"Avangart Clinic\"},\"image\":{\"@id\":\"https:\\\/\\\/avangartclinic.com\\\/tr\\\/#\\\/schema\\\/logo\\\/image\\\/\"},\"sameAs\":[\"https:\\\/\\\/www.facebook.com\\\/AvangartClinic\\\/\",\"https:\\\/\\\/www.youtube.com\\\/channel\\\/UCn3LkercWc7jeMKnB68EOUQ\",\"https:\\\/\\\/www.instagram.com\\\/avangartclinic\\\/\"]}]}<\/script>\n<!-- \/ Yoast SEO plugin. -->","yoast_head_json":{"title":"\u0130leti\u015fim - Avangart Clinic","robots":{"index":"index","follow":"follow","max-snippet":"max-snippet:-1","max-image-preview":"max-image-preview:large","max-video-preview":"max-video-preview:-1"},"canonical":"https:\/\/avangartclinic.com\/tr\/iletisim\/","og_locale":"tr_TR","og_type":"article","og_title":"\u0130leti\u015fim - Avangart Clinic","og_description":"\u0130leti\u015fim Di\u015f plan\u0131n\u0131z\u0131 olu\u015fturmak, doktorlar\u0131m\u0131zdan dan\u0131\u015fmanl\u0131k almak veya fiyat bilgisi almak i\u00e7in l\u00fctfen a\u015fa\u011f\u0131daki formu doldurunuz. \u0130leti\u015fim Bilgileri Mecidiyek\u00f6y Mahallesi, B\u00fcy\u00fckdere Caddesi, 91\/B, Ocak Apt, 34400, \u015ei\u015fli\/\u0130stanbul, T\u00fcrkiye Tel: +90 212 211 82 11WhatsApp +90 542 146 82 11contact@avangartclinic.com Instagram Facebook Youtube","og_url":"https:\/\/avangartclinic.com\/tr\/iletisim\/","og_site_name":"Avangart Clinic","article_publisher":"https:\/\/www.facebook.com\/AvangartClinic\/","article_modified_time":"2026-04-27T09:51:22+00:00","twitter_card":"summary_large_image","twitter_misc":{"Tahmini okuma s\u00fcresi":"1 dakika"},"schema":{"@context":"https:\/\/schema.org","@graph":[{"@type":"WebPage","@id":"https:\/\/avangartclinic.com\/tr\/iletisim\/","url":"https:\/\/avangartclinic.com\/tr\/iletisim\/","name":"\u0130leti\u015fim - Avangart Clinic","isPartOf":{"@id":"https:\/\/avangartclinic.com\/tr\/#website"},"datePublished":"2025-02-28T16:18:13+00:00","dateModified":"2026-04-27T09:51:22+00:00","breadcrumb":{"@id":"https:\/\/avangartclinic.com\/tr\/iletisim\/#breadcrumb"},"inLanguage":"tr","potentialAction":[{"@type":"ReadAction","target":["https:\/\/avangartclinic.com\/tr\/iletisim\/"]}]},{"@type":"BreadcrumbList","@id":"https:\/\/avangartclinic.com\/tr\/iletisim\/#breadcrumb","itemListElement":[{"@type":"ListItem","position":1,"name":"Home","item":"https:\/\/avangartclinic.com\/tr\/"},{"@type":"ListItem","position":2,"name":"\u0130leti\u015fim"}]},{"@type":"WebSite","@id":"https:\/\/avangartclinic.com\/tr\/#website","url":"https:\/\/avangartclinic.com\/tr\/","name":"Avangart Clinic","description":"Dental Clinic Turkey","publisher":{"@id":"https:\/\/avangartclinic.com\/tr\/#organization"},"potentialAction":[{"@type":"SearchAction","target":{"@type":"EntryPoint","urlTemplate":"https:\/\/avangartclinic.com\/tr\/?s={search_term_string}"},"query-input":{"@type":"PropertyValueSpecification","valueRequired":true,"valueName":"search_term_string"}}],"inLanguage":"tr"},{"@type":"Organization","@id":"https:\/\/avangartclinic.com\/tr\/#organization","name":"Avangart Clinic","url":"https:\/\/avangartclinic.com\/tr\/","logo":{"@type":"ImageObject","inLanguage":"tr","@id":"https:\/\/avangartclinic.com\/tr\/#\/schema\/logo\/image\/","url":"https:\/\/avangartclinic.com\/wp-content\/uploads\/2025\/02\/photo.png","contentUrl":"https:\/\/avangartclinic.com\/wp-content\/uploads\/2025\/02\/photo.png","width":160,"height":160,"caption":"Avangart Clinic"},"image":{"@id":"https:\/\/avangartclinic.com\/tr\/#\/schema\/logo\/image\/"},"sameAs":["https:\/\/www.facebook.com\/AvangartClinic\/","https:\/\/www.youtube.com\/channel\/UCn3LkercWc7jeMKnB68EOUQ","https:\/\/www.instagram.com\/avangartclinic\/"]}]}},"_links":{"self":[{"href":"https:\/\/avangartclinic.com\/tr\/wp-json\/wp\/v2\/pages\/7205","targetHints":{"allow":["GET"]}}],"collection":[{"href":"https:\/\/avangartclinic.com\/tr\/wp-json\/wp\/v2\/pages"}],"about":[{"href":"https:\/\/avangartclinic.com\/tr\/wp-json\/wp\/v2\/types\/page"}],"author":[{"embeddable":true,"href":"https:\/\/avangartclinic.com\/tr\/wp-json\/wp\/v2\/users\/1"}],"replies":[{"embeddable":true,"href":"https:\/\/avangartclinic.com\/tr\/wp-json\/wp\/v2\/comments?post=7205"}],"version-history":[{"count":0,"href":"https:\/\/avangartclinic.com\/tr\/wp-json\/wp\/v2\/pages\/7205\/revisions"}],"wp:attachment":[{"href":"https:\/\/avangartclinic.com\/tr\/wp-json\/wp\/v2\/media?parent=7205"}],"curies":[{"name":"wp","href":"https:\/\/api.w.org\/{rel}","templated":true}]}}